{"id":288,"date":"2016-10-06T03:56:06","date_gmt":"2016-10-06T03:56:06","guid":{"rendered":"https:\/\/peintreiuliandanieldin.fr\/?page_id=288"},"modified":"2025-07-10T12:39:48","modified_gmt":"2025-07-10T10:39:48","slug":"contactez-nous","status":"publish","type":"page","link":"https:\/\/peintreiuliandanieldin.fr\/index.php\/contactez-nous\/","title":{"rendered":"Contactez-nous"},"content":{"rendered":"\t\t<div data-elementor-type=\"wp-post\" data-elementor-id=\"288\" class=\"elementor elementor-288\">\n\t\t\t\t\t\t<section class=\"elementor-section elementor-top-section elementor-element elementor-element-627c199 gray-bg has-hex pt-50 elementor-section-boxed elementor-section-height-default elementor-section-height-default\" data-id=\"627c199\" data-element_type=\"section\" data-e-type=\"section\">\n\t\t\t\t\t\t<div class=\"elementor-container elementor-column-gap-default\">\n\t\t\t\t\t<div class=\"elementor-column elementor-col-25 elementor-top-column elementor-element elementor-element-1d4099f\" data-id=\"1d4099f\" data-element_type=\"column\" data-e-type=\"column\">\n\t\t\t<div class=\"elementor-widget-wrap elementor-element-populated\">\n\t\t\t\t\t\t<div class=\"elementor-element elementor-element-5fc80c1 elementor-widget elementor-widget-feature_box\" data-id=\"5fc80c1\" data-element_type=\"widget\" data-e-type=\"widget\" data-widget_type=\"feature_box.default\">\n\t\t\t\t<div class=\"elementor-widget-container\">\n\t\t\t\t\t  \n        <!--services-box --> \n        <div class=\"card-item sty1\">\n            <i class=\"fal fa-envelope\"><\/i>            <span class=\"card-item_num\">01<\/span>\n            <h4 class=\"service-title\">Mail<\/h4>            <div class=\"card-desc\">daniel161080@gmail.com<\/div>\n            <div class=\"clearfix\"><\/div>\n        <\/div>\n        \n        <!-- services-box end  -->      \n        \t\t\t\t<\/div>\n\t\t\t\t<\/div>\n\t\t\t\t\t<\/div>\n\t\t<\/div>\n\t\t\t\t<div class=\"elementor-column elementor-col-25 elementor-top-column elementor-element elementor-element-8f43a90\" data-id=\"8f43a90\" data-element_type=\"column\" data-e-type=\"column\">\n\t\t\t<div class=\"elementor-widget-wrap elementor-element-populated\">\n\t\t\t\t\t\t<div class=\"elementor-element elementor-element-f06c5e1 elementor-widget elementor-widget-feature_box\" data-id=\"f06c5e1\" data-element_type=\"widget\" data-e-type=\"widget\" data-widget_type=\"feature_box.default\">\n\t\t\t\t<div class=\"elementor-widget-container\">\n\t\t\t\t\t  \n        <!--services-box --> \n        <div class=\"card-item sty1\">\n            <i class=\"fal fa-phone-rotary\"><\/i>            <span class=\"card-item_num\">02<\/span>\n            <h4 class=\"service-title\">T\u00e9l\u00e9phone<\/h4>            <div class=\"card-desc\">07.51.46.80.59<\/div>\n            <div class=\"clearfix\"><\/div>\n        <\/div>\n        \n        <!-- services-box end  -->      \n        \t\t\t\t<\/div>\n\t\t\t\t<\/div>\n\t\t\t\t\t<\/div>\n\t\t<\/div>\n\t\t\t\t<div class=\"elementor-column elementor-col-25 elementor-top-column elementor-element elementor-element-68855fe\" data-id=\"68855fe\" data-element_type=\"column\" data-e-type=\"column\">\n\t\t\t<div class=\"elementor-widget-wrap elementor-element-populated\">\n\t\t\t\t\t\t<div class=\"elementor-element elementor-element-d788fa5 elementor-widget elementor-widget-feature_box\" data-id=\"d788fa5\" data-element_type=\"widget\" data-e-type=\"widget\" data-widget_type=\"feature_box.default\">\n\t\t\t\t<div class=\"elementor-widget-container\">\n\t\t\t\t\t  \n        <!--services-box --> \n        <div class=\"card-item sty1\">\n            <i class=\"fal fa-map-marked\"><\/i>            <span class=\"card-item_num\">03<\/span>\n            <h4 class=\"service-title\">Adresse<\/h4>            <div class=\"card-desc\">6 rue de Pontoise, 95220 Herblay-sur-Seine<\/div>\n            <div class=\"clearfix\"><\/div>\n        <\/div>\n        \n        <!-- services-box end  -->      \n        \t\t\t\t<\/div>\n\t\t\t\t<\/div>\n\t\t\t\t\t<\/div>\n\t\t<\/div>\n\t\t\t\t<div class=\"elementor-column elementor-col-25 elementor-top-column elementor-element elementor-element-b77c41f\" data-id=\"b77c41f\" data-element_type=\"column\" data-e-type=\"column\">\n\t\t\t<div class=\"elementor-widget-wrap elementor-element-populated\">\n\t\t\t\t\t\t<div class=\"elementor-element elementor-element-03a627c elementor-widget elementor-widget-feature_box\" data-id=\"03a627c\" data-element_type=\"widget\" data-e-type=\"widget\" data-widget_type=\"feature_box.default\">\n\t\t\t\t<div class=\"elementor-widget-container\">\n\t\t\t\t\t  \n        <!--services-box --> \n        <div class=\"card-item sty1\">\n            <i class=\"fal fa-map-marked\"><\/i>            <span class=\"card-item_num\">03<\/span>\n            <h4 class=\"service-title\">Horaires <\/h4>            <div class=\"card-desc\">Lundi : 08:17-17:00\n<br>Mardi  08:17-17:00\n<br>Mercredi : 08:17-17:00\n<br>Jeudi : 08:17-17:00\n<br>Vendredi : 08:17-17:00\n<br>Samedi :  FERM\u00c9\n<br>Dimanche : FERM\u00c9<\/div>\n            <div class=\"clearfix\"><\/div>\n        <\/div>\n        \n        <!-- services-box end  -->      \n        \t\t\t\t<\/div>\n\t\t\t\t<\/div>\n\t\t\t\t\t<\/div>\n\t\t<\/div>\n\t\t\t\t\t<\/div>\n\t\t<\/section>\n\t\t<div class=\"elementor-element elementor-element-7c0b663 e-flex e-con-boxed e-con e-parent\" data-id=\"7c0b663\" data-element_type=\"container\" data-e-type=\"container\">\n\t\t\t\t\t<div class=\"e-con-inner\">\n\t\t\t\t<div class=\"elementor-element elementor-element-c105a60 elementor-widget elementor-widget-shortcode\" data-id=\"c105a60\" data-element_type=\"widget\" data-e-type=\"widget\" data-widget_type=\"shortcode.default\">\n\t\t\t\t<div class=\"elementor-widget-container\">\n\t\t\t\t\t\t\t<div class=\"elementor-shortcode\"><div class=\"forminator-ui forminator-custom-form forminator-custom-form-376 forminator-design--material  forminator_ajax\" data-forminator-render=\"0\" data-form=\"forminator-module-376\" data-uid=\"69d5d27f7cad2\"><br\/><\/div><form\n\t\t\t\tid=\"forminator-module-376\"\n\t\t\t\tclass=\"forminator-ui forminator-custom-form forminator-custom-form-376 forminator-design--material  forminator_ajax\"\n\t\t\t\tmethod=\"post\"\n\t\t\t\tdata-forminator-render=\"0\"\n\t\t\t\tdata-form-id=\"376\"\n\t\t\t\t data-color-option=\"default\" data-design=\"material\" data-grid=\"open\" style=\"display: none;\"\n\t\t\t\tdata-uid=\"69d5d27f7cad2\"\n\t\t\t><div role=\"alert\" aria-live=\"polite\" class=\"forminator-response-message forminator-error\" aria-hidden=\"true\"><\/div><div class=\"forminator-row\"><div id=\"name-1\" class=\"forminator-field-name forminator-col forminator-col-6 \"><div class=\"forminator-field\"><label for=\"forminator-field-name-1_69d5d27f7cad2\" id=\"forminator-field-name-1_69d5d27f7cad2-label\" class=\"forminator-label\">Nom <span class=\"forminator-required\">*<\/span><\/label><input type=\"text\" name=\"name-1\" value=\"\" placeholder=\"\" id=\"forminator-field-name-1_69d5d27f7cad2\" class=\"forminator-input forminator-name--field\" aria-required=\"true\" autocomplete=\"name\" \/><\/div><\/div><div id=\"name-2\" class=\"forminator-field-name forminator-col forminator-col-6 \"><div class=\"forminator-field\"><label for=\"forminator-field-name-2_69d5d27f7cad2\" id=\"forminator-field-name-2_69d5d27f7cad2-label\" class=\"forminator-label\">Pr\u00e9nom <span class=\"forminator-required\">*<\/span><\/label><input type=\"text\" name=\"name-2\" value=\"\" placeholder=\"\" id=\"forminator-field-name-2_69d5d27f7cad2\" class=\"forminator-input forminator-name--field\" aria-required=\"true\" autocomplete=\"name\" \/><\/div><\/div><\/div><div class=\"forminator-row\"><div id=\"email-1\" class=\"forminator-field-email forminator-col forminator-col-12 \"><div class=\"forminator-field\"><label for=\"forminator-field-email-1_69d5d27f7cad2\" id=\"forminator-field-email-1_69d5d27f7cad2-label\" class=\"forminator-label\">E-mail <span class=\"forminator-required\">*<\/span><\/label><input type=\"email\" name=\"email-1\" value=\"\" placeholder=\"\" id=\"forminator-field-email-1_69d5d27f7cad2\" class=\"forminator-input forminator-email--field\" data-required=\"true\" aria-required=\"true\" autocomplete=\"email\" \/><\/div><\/div><\/div><div class=\"forminator-row\"><div id=\"phone-1\" class=\"forminator-field-phone forminator-col forminator-col-12 \"><div class=\"forminator-field\"><label for=\"forminator-field-phone-1_69d5d27f7cad2\" id=\"forminator-field-phone-1_69d5d27f7cad2-label\" class=\"forminator-label\">Num\u00e9ro de t\u00e9l\u00e9phone <span class=\"forminator-required\">*<\/span><\/label><input type=\"text\" name=\"phone-1\" value=\"\" placeholder=\"Par exemple\u00a0: +1 02 03 04 05\" id=\"forminator-field-phone-1_69d5d27f7cad2\" class=\"forminator-input forminator-field--phone\" data-required=\"1\" aria-required=\"true\" autocomplete=\"off\" data-validation=\"1\" \/><\/div><\/div><\/div><div class=\"forminator-row\"><div id=\"checkbox-1\" class=\"forminator-field-checkbox forminator-col forminator-col-12 \"><div role=\"group\" class=\"forminator-field\" aria-labelledby=\"forminator-checkbox-group-forminator-field-checkbox-1-69d5d27f7cad2-label\"><span id=\"forminator-checkbox-group-forminator-field-checkbox-1-69d5d27f7cad2-label\" class=\"forminator-label\">Services<\/span><label id=\"forminator-field-checkbox-1-1-69d5d27f7cad2-label\" for=\"forminator-field-checkbox-1-1-69d5d27f7cad2\" class=\"forminator-checkbox\" title=\"Peinture\"><input type=\"checkbox\" name=\"checkbox-1[]\" value=\"service-1\" id=\"forminator-field-checkbox-1-1-69d5d27f7cad2\" aria-labelledby=\"forminator-field-checkbox-1-1-69d5d27f7cad2-label\" data-calculation=\"0\"  \/><span class=\"forminator-checkbox-box\" aria-hidden=\"true\"><\/span><span class=\"forminator-checkbox-label\">Peinture<\/span><\/label><label id=\"forminator-field-checkbox-1-2-69d5d27f7cad2-label\" for=\"forminator-field-checkbox-1-2-69d5d27f7cad2\" class=\"forminator-checkbox\" title=\"Carrelage\"><input type=\"checkbox\" name=\"checkbox-1[]\" value=\"service-2\" id=\"forminator-field-checkbox-1-2-69d5d27f7cad2\" aria-labelledby=\"forminator-field-checkbox-1-2-69d5d27f7cad2-label\" data-calculation=\"0\"  \/><span class=\"forminator-checkbox-box\" aria-hidden=\"true\"><\/span><span class=\"forminator-checkbox-label\">Carrelage<\/span><\/label><label id=\"forminator-field-checkbox-1-3-69d5d27f7cad2-label\" for=\"forminator-field-checkbox-1-3-69d5d27f7cad2\" class=\"forminator-checkbox\" title=\"Parquet\"><input type=\"checkbox\" name=\"checkbox-1[]\" value=\"Parquet\" id=\"forminator-field-checkbox-1-3-69d5d27f7cad2\" aria-labelledby=\"forminator-field-checkbox-1-3-69d5d27f7cad2-label\" data-calculation=\"0\"  \/><span class=\"forminator-checkbox-box\" aria-hidden=\"true\"><\/span><span class=\"forminator-checkbox-label\">Parquet<\/span><\/label><label id=\"forminator-field-checkbox-1-4-69d5d27f7cad2-label\" for=\"forminator-field-checkbox-1-4-69d5d27f7cad2\" class=\"forminator-checkbox\" title=\"Plomberie\"><input type=\"checkbox\" name=\"checkbox-1[]\" value=\"Plomberie\" id=\"forminator-field-checkbox-1-4-69d5d27f7cad2\" aria-labelledby=\"forminator-field-checkbox-1-4-69d5d27f7cad2-label\" data-calculation=\"0\"  \/><span class=\"forminator-checkbox-box\" aria-hidden=\"true\"><\/span><span class=\"forminator-checkbox-label\">Plomberie<\/span><\/label><label id=\"forminator-field-checkbox-1-5-69d5d27f7cad2-label\" for=\"forminator-field-checkbox-1-5-69d5d27f7cad2\" class=\"forminator-checkbox\" title=\"\u00c9lectricit\u00e9\"><input type=\"checkbox\" name=\"checkbox-1[]\" value=\"\u00c9lectricit\u00e9\" id=\"forminator-field-checkbox-1-5-69d5d27f7cad2\" aria-labelledby=\"forminator-field-checkbox-1-5-69d5d27f7cad2-label\" data-calculation=\"0\"  \/><span class=\"forminator-checkbox-box\" aria-hidden=\"true\"><\/span><span class=\"forminator-checkbox-label\">\u00c9lectricit\u00e9<\/span><\/label><label id=\"forminator-field-checkbox-1-6-69d5d27f7cad2-label\" for=\"forminator-field-checkbox-1-6-69d5d27f7cad2\" class=\"forminator-checkbox\" title=\"Ma\u00e7onnerie\"><input type=\"checkbox\" name=\"checkbox-1[]\" value=\"Ma\u00e7onnerie\" id=\"forminator-field-checkbox-1-6-69d5d27f7cad2\" aria-labelledby=\"forminator-field-checkbox-1-6-69d5d27f7cad2-label\" data-calculation=\"0\"  \/><span class=\"forminator-checkbox-box\" aria-hidden=\"true\"><\/span><span class=\"forminator-checkbox-label\">Ma\u00e7onnerie<\/span><\/label><\/div><\/div><\/div><div class=\"forminator-row\"><div id=\"textarea-1\" class=\"forminator-field-textarea forminator-col forminator-col-12 \"><div class=\"forminator-field\"><label for=\"forminator-field-textarea-1_69d5d27f7cad2\" id=\"forminator-field-textarea-1_69d5d27f7cad2-label\" class=\"forminator-label\">Notes compl\u00e9mentaires<\/label><textarea name=\"textarea-1\" placeholder=\"\" id=\"forminator-field-textarea-1_69d5d27f7cad2\" class=\"forminator-textarea\" rows=\"6\" style=\"min-height:140px;\" maxlength=\"180\" ><\/textarea><span id=\"forminator-field-textarea-1_69d5d27f7cad2-description\" class=\"forminator-description\"><span data-limit=\"180\" data-type=\"characters\" data-editor=\"\">0 \/ 180<\/span><\/span><\/div><\/div><\/div><input type=\"hidden\" name=\"referer_url\" value=\"\" \/><div class=\"forminator-row forminator-row-last\"><div class=\"forminator-col\"><div class=\"forminator-field\"><button class=\"forminator-button forminator-button-submit\"><span>Demander un devis<\/span><span aria-hidden=\"true\"><\/span><\/button><\/div><\/div><\/div><input type=\"hidden\" id=\"forminator_nonce\" name=\"forminator_nonce\" value=\"75bb54bd82\" \/><input type=\"hidden\" name=\"_wp_http_referer\" value=\"\/index.php\/wp-json\/wp\/v2\/pages\/288\" \/><input type=\"hidden\" name=\"form_id\" value=\"376\"><input type=\"hidden\" name=\"page_id\" value=\"288\"><input type=\"hidden\" name=\"form_type\" value=\"default\"><input type=\"hidden\" name=\"current_url\" value=\"https:\/\/peintreiuliandanieldin.fr\/index.php\/contactez-nous\/\"><input type=\"hidden\" name=\"render_id\" value=\"0\"><input type=\"hidden\" name=\"action\" value=\"forminator_submit_form_custom-forms\"><\/form><\/div>\n\t\t\t\t\t\t<\/div>\n\t\t\t\t<\/div>\n\t\t\t\t\t<\/div>\n\t\t\t\t<\/div>\n\t\t<div class=\"elementor-element elementor-element-4db47e6 e-flex e-con-boxed e-con e-parent\" data-id=\"4db47e6\" data-element_type=\"container\" data-e-type=\"container\">\n\t\t\t\t\t<div class=\"e-con-inner\">\n\t\t\t\t<div class=\"elementor-element elementor-element-2687ddb elementor-widget elementor-widget-google_maps\" data-id=\"2687ddb\" data-element_type=\"widget\" data-e-type=\"widget\" data-widget_type=\"google_maps.default\">\n\t\t\t\t<div class=\"elementor-widget-container\">\n\t\t\t\t\t\t\t<div class=\"elementor-custom-embed\">\n\t\t\t<iframe loading=\"lazy\"\n\t\t\t\t\tsrc=\"https:\/\/maps.google.com\/maps?q=Iulian%20Daniel%20Din%2C%2020%20Rue%20de%20Paris%2C%2095220%20Herblay-sur-Seine&#038;t=m&#038;z=13&#038;output=embed&#038;iwloc=near\"\n\t\t\t\t\ttitle=\"Iulian Daniel Din, 20 Rue de Paris, 95220 Herblay-sur-Seine\"\n\t\t\t\t\taria-label=\"Iulian Daniel Din, 20 Rue de Paris, 95220 Herblay-sur-Seine\"\n\t\t\t><\/iframe>\n\t\t<\/div>\n\t\t\t\t\t\t<\/div>\n\t\t\t\t<\/div>\n\t\t\t\t\t<\/div>\n\t\t\t\t<\/div>\n\t\t\t\t<\/div>\n\t\t","protected":false},"excerpt":{"rendered":"<p>01 Mail daniel161080@gmail.com 02 T\u00e9l\u00e9phone 07.51.46.80.59 03 Adresse 6 rue de Pontoise, 95220 Herblay-sur-Seine 03 Horaires Lundi : 08:17-17:00 Mardi 08:17-17:00 Mercredi : 08:17-17:00 Jeudi : 08:17-17:00 Vendredi : 08:17-17:00 Samedi : FERM\u00c9 Dimanche : FERM\u00c9<\/p>\n","protected":false},"author":1,"featured_media":51,"parent":0,"menu_order":0,"comment_status":"closed","ping_status":"closed","template":"page-full.php","meta":{"footnotes":""},"class_list":["post-288","page","type-page","status-publish","has-post-thumbnail","hentry"],"yoast_head":"<!-- This site is optimized with the Yoast SEO plugin v25.6 - https:\/\/yoast.com\/wordpress\/plugins\/seo\/ -->\n<title>Contactez-nous - Iulian Daniel Din<\/title>\n<meta name=\"description\" content=\"Notre \u00e9quipe experte en plomberie, carrelage, \u00e9lectricit\u00e9, pose de parquet, peinture, et ma\u00e7onnerie est pr\u00eate \u00e0 r\u00e9pondre \u00e0 vos besoins.\" \/>\n<meta name=\"robots\" content=\"index, follow, max-snippet:-1, max-image-preview:large, max-video-preview:-1\" \/>\n<link rel=\"canonical\" href=\"https:\/\/peintreiuliandanieldin.fr\/index.php\/contactez-nous\/\" \/>\n<meta property=\"og:locale\" content=\"en_US\" \/>\n<meta property=\"og:type\" content=\"article\" \/>\n<meta property=\"og:title\" content=\"Contactez-nous - Iulian Daniel Din\" \/>\n<meta property=\"og:description\" content=\"Notre \u00e9quipe experte en plomberie, carrelage, \u00e9lectricit\u00e9, pose de parquet, peinture, et ma\u00e7onnerie est pr\u00eate \u00e0 r\u00e9pondre \u00e0 vos besoins.\" \/>\n<meta property=\"og:url\" content=\"https:\/\/peintreiuliandanieldin.fr\/index.php\/contactez-nous\/\" \/>\n<meta property=\"og:site_name\" content=\"peintreiuliandanieldin.fr\" \/>\n<meta property=\"article:modified_time\" content=\"2025-07-10T10:39:48+00:00\" \/>\n<meta property=\"og:image\" content=\"https:\/\/peintreiuliandanieldin.fr\/wp-content\/uploads\/2024\/06\/2023-06-18-1.jpg\" \/>\n\t<meta property=\"og:image:width\" content=\"1360\" \/>\n\t<meta property=\"og:image:height\" content=\"1020\" \/>\n\t<meta property=\"og:image:type\" content=\"image\/jpeg\" \/>\n<meta name=\"twitter:card\" content=\"summary_large_image\" \/>\n<meta name=\"twitter:label1\" content=\"Est. reading time\" \/>\n\t<meta name=\"twitter:data1\" content=\"1 minute\" \/>\n<script type=\"application\/ld+json\" class=\"yoast-schema-graph\">{\"@context\":\"https:\/\/schema.org\",\"@graph\":[{\"@type\":\"WebPage\",\"@id\":\"https:\/\/peintreiuliandanieldin.fr\/index.php\/contactez-nous\/\",\"url\":\"https:\/\/peintreiuliandanieldin.fr\/index.php\/contactez-nous\/\",\"name\":\"Contactez-nous - Iulian Daniel Din\",\"isPartOf\":{\"@id\":\"https:\/\/peintreiuliandanieldin.fr\/#website\"},\"primaryImageOfPage\":{\"@id\":\"https:\/\/peintreiuliandanieldin.fr\/index.php\/contactez-nous\/#primaryimage\"},\"image\":{\"@id\":\"https:\/\/peintreiuliandanieldin.fr\/index.php\/contactez-nous\/#primaryimage\"},\"thumbnailUrl\":\"https:\/\/peintreiuliandanieldin.fr\/wp-content\/uploads\/2024\/06\/2023-06-18-1.jpg\",\"datePublished\":\"2016-10-06T03:56:06+00:00\",\"dateModified\":\"2025-07-10T10:39:48+00:00\",\"description\":\"Notre \u00e9quipe experte en plomberie, carrelage, \u00e9lectricit\u00e9, pose de parquet, peinture, et ma\u00e7onnerie est pr\u00eate \u00e0 r\u00e9pondre \u00e0 vos besoins.\",\"breadcrumb\":{\"@id\":\"https:\/\/peintreiuliandanieldin.fr\/index.php\/contactez-nous\/#breadcrumb\"},\"inLanguage\":\"en-US\",\"potentialAction\":[{\"@type\":\"ReadAction\",\"target\":[\"https:\/\/peintreiuliandanieldin.fr\/index.php\/contactez-nous\/\"]}]},{\"@type\":\"ImageObject\",\"inLanguage\":\"en-US\",\"@id\":\"https:\/\/peintreiuliandanieldin.fr\/index.php\/contactez-nous\/#primaryimage\",\"url\":\"https:\/\/peintreiuliandanieldin.fr\/wp-content\/uploads\/2024\/06\/2023-06-18-1.jpg\",\"contentUrl\":\"https:\/\/peintreiuliandanieldin.fr\/wp-content\/uploads\/2024\/06\/2023-06-18-1.jpg\",\"width\":1360,\"height\":1020},{\"@type\":\"BreadcrumbList\",\"@id\":\"https:\/\/peintreiuliandanieldin.fr\/index.php\/contactez-nous\/#breadcrumb\",\"itemListElement\":[{\"@type\":\"ListItem\",\"position\":1,\"name\":\"Home\",\"item\":\"https:\/\/peintreiuliandanieldin.fr\/\"},{\"@type\":\"ListItem\",\"position\":2,\"name\":\"Contactez-nous\"}]},{\"@type\":\"WebSite\",\"@id\":\"https:\/\/peintreiuliandanieldin.fr\/#website\",\"url\":\"https:\/\/peintreiuliandanieldin.fr\/\",\"name\":\"peintreiuliandanieldin.fr\",\"description\":\"\",\"potentialAction\":[{\"@type\":\"SearchAction\",\"target\":{\"@type\":\"EntryPoint\",\"urlTemplate\":\"https:\/\/peintreiuliandanieldin.fr\/?s={search_term_string}\"},\"query-input\":{\"@type\":\"PropertyValueSpecification\",\"valueRequired\":true,\"valueName\":\"search_term_string\"}}],\"inLanguage\":\"en-US\"}]}<\/script>\n<!-- \/ Yoast SEO plugin. -->","yoast_head_json":{"title":"Contactez-nous - Iulian Daniel Din","description":"Notre \u00e9quipe experte en plomberie, carrelage, \u00e9lectricit\u00e9, pose de parquet, peinture, et ma\u00e7onnerie est pr\u00eate \u00e0 r\u00e9pondre \u00e0 vos besoins.","robots":{"index":"index","follow":"follow","max-snippet":"max-snippet:-1","max-image-preview":"max-image-preview:large","max-video-preview":"max-video-preview:-1"},"canonical":"https:\/\/peintreiuliandanieldin.fr\/index.php\/contactez-nous\/","og_locale":"en_US","og_type":"article","og_title":"Contactez-nous - Iulian Daniel Din","og_description":"Notre \u00e9quipe experte en plomberie, carrelage, \u00e9lectricit\u00e9, pose de parquet, peinture, et ma\u00e7onnerie est pr\u00eate \u00e0 r\u00e9pondre \u00e0 vos besoins.","og_url":"https:\/\/peintreiuliandanieldin.fr\/index.php\/contactez-nous\/","og_site_name":"peintreiuliandanieldin.fr","article_modified_time":"2025-07-10T10:39:48+00:00","og_image":[{"width":1360,"height":1020,"url":"https:\/\/peintreiuliandanieldin.fr\/wp-content\/uploads\/2024\/06\/2023-06-18-1.jpg","type":"image\/jpeg"}],"twitter_card":"summary_large_image","twitter_misc":{"Est. reading time":"1 minute"},"schema":{"@context":"https:\/\/schema.org","@graph":[{"@type":"WebPage","@id":"https:\/\/peintreiuliandanieldin.fr\/index.php\/contactez-nous\/","url":"https:\/\/peintreiuliandanieldin.fr\/index.php\/contactez-nous\/","name":"Contactez-nous - Iulian Daniel Din","isPartOf":{"@id":"https:\/\/peintreiuliandanieldin.fr\/#website"},"primaryImageOfPage":{"@id":"https:\/\/peintreiuliandanieldin.fr\/index.php\/contactez-nous\/#primaryimage"},"image":{"@id":"https:\/\/peintreiuliandanieldin.fr\/index.php\/contactez-nous\/#primaryimage"},"thumbnailUrl":"https:\/\/peintreiuliandanieldin.fr\/wp-content\/uploads\/2024\/06\/2023-06-18-1.jpg","datePublished":"2016-10-06T03:56:06+00:00","dateModified":"2025-07-10T10:39:48+00:00","description":"Notre \u00e9quipe experte en plomberie, carrelage, \u00e9lectricit\u00e9, pose de parquet, peinture, et ma\u00e7onnerie est pr\u00eate \u00e0 r\u00e9pondre \u00e0 vos besoins.","breadcrumb":{"@id":"https:\/\/peintreiuliandanieldin.fr\/index.php\/contactez-nous\/#breadcrumb"},"inLanguage":"en-US","potentialAction":[{"@type":"ReadAction","target":["https:\/\/peintreiuliandanieldin.fr\/index.php\/contactez-nous\/"]}]},{"@type":"ImageObject","inLanguage":"en-US","@id":"https:\/\/peintreiuliandanieldin.fr\/index.php\/contactez-nous\/#primaryimage","url":"https:\/\/peintreiuliandanieldin.fr\/wp-content\/uploads\/2024\/06\/2023-06-18-1.jpg","contentUrl":"https:\/\/peintreiuliandanieldin.fr\/wp-content\/uploads\/2024\/06\/2023-06-18-1.jpg","width":1360,"height":1020},{"@type":"BreadcrumbList","@id":"https:\/\/peintreiuliandanieldin.fr\/index.php\/contactez-nous\/#breadcrumb","itemListElement":[{"@type":"ListItem","position":1,"name":"Home","item":"https:\/\/peintreiuliandanieldin.fr\/"},{"@type":"ListItem","position":2,"name":"Contactez-nous"}]},{"@type":"WebSite","@id":"https:\/\/peintreiuliandanieldin.fr\/#website","url":"https:\/\/peintreiuliandanieldin.fr\/","name":"peintreiuliandanieldin.fr","description":"","potentialAction":[{"@type":"SearchAction","target":{"@type":"EntryPoint","urlTemplate":"https:\/\/peintreiuliandanieldin.fr\/?s={search_term_string}"},"query-input":{"@type":"PropertyValueSpecification","valueRequired":true,"valueName":"search_term_string"}}],"inLanguage":"en-US"}]}},"_links":{"self":[{"href":"https:\/\/peintreiuliandanieldin.fr\/index.php\/wp-json\/wp\/v2\/pages\/288"}],"collection":[{"href":"https:\/\/peintreiuliandanieldin.fr\/index.php\/wp-json\/wp\/v2\/pages"}],"about":[{"href":"https:\/\/peintreiuliandanieldin.fr\/index.php\/wp-json\/wp\/v2\/types\/page"}],"author":[{"embeddable":true,"href":"https:\/\/peintreiuliandanieldin.fr\/index.php\/wp-json\/wp\/v2\/users\/1"}],"replies":[{"embeddable":true,"href":"https:\/\/peintreiuliandanieldin.fr\/index.php\/wp-json\/wp\/v2\/comments?post=288"}],"version-history":[{"count":8,"href":"https:\/\/peintreiuliandanieldin.fr\/index.php\/wp-json\/wp\/v2\/pages\/288\/revisions"}],"predecessor-version":[{"id":599,"href":"https:\/\/peintreiuliandanieldin.fr\/index.php\/wp-json\/wp\/v2\/pages\/288\/revisions\/599"}],"wp:featuredmedia":[{"embeddable":true,"href":"https:\/\/peintreiuliandanieldin.fr\/index.php\/wp-json\/wp\/v2\/media\/51"}],"wp:attachment":[{"href":"https:\/\/peintreiuliandanieldin.fr\/index.php\/wp-json\/wp\/v2\/media?parent=288"}],"curies":[{"name":"wp","href":"https:\/\/api.w.org\/{rel}","templated":true}]}}