{"id":290,"date":"2024-01-16T06:52:29","date_gmt":"2024-01-16T05:52:29","guid":{"rendered":"https:\/\/peintreiuliandanieldin.fr\/?page_id=290"},"modified":"2024-06-06T23:54:34","modified_gmt":"2024-06-06T21:54:34","slug":"devis-gratuit","status":"publish","type":"page","link":"https:\/\/peintreiuliandanieldin.fr\/index.php\/devis-gratuit\/","title":{"rendered":"Devis Gratuit"},"content":{"rendered":"\t\t<div data-elementor-type=\"wp-page\" data-elementor-id=\"290\" class=\"elementor elementor-290\">\n\t\t\t\t<div class=\"elementor-element elementor-element-fd5b5fd e-flex e-con-boxed e-con e-parent\" data-id=\"fd5b5fd\" data-element_type=\"container\" data-e-type=\"container\">\n\t\t\t\t\t<div class=\"e-con-inner\">\n\t\t\t\t<div class=\"elementor-element elementor-element-9c2eeb0 elementor-widget elementor-widget-heading\" data-id=\"9c2eeb0\" data-element_type=\"widget\" data-e-type=\"widget\" data-widget_type=\"heading.default\">\n\t\t\t\t<div class=\"elementor-widget-container\">\n\t\t\t\t\t<h2 class=\"elementor-heading-title elementor-size-default\">Devis Gratuit<\/h2>\t\t\t\t<\/div>\n\t\t\t\t<\/div>\n\t\t\t\t<div class=\"elementor-element elementor-element-21bc173 elementor-widget elementor-widget-shortcode\" data-id=\"21bc173\" data-element_type=\"widget\" data-e-type=\"widget\" data-widget_type=\"shortcode.default\">\n\t\t\t\t<div class=\"elementor-widget-container\">\n\t\t\t\t\t\t\t<div class=\"elementor-shortcode\"><div class=\"forminator-ui forminator-custom-form forminator-custom-form-376 forminator-design--material  forminator_ajax\" data-forminator-render=\"0\" data-form=\"forminator-module-376\" data-uid=\"69d5cedc8c1f3\"><br\/><\/div><form\n\t\t\t\tid=\"forminator-module-376\"\n\t\t\t\tclass=\"forminator-ui forminator-custom-form forminator-custom-form-376 forminator-design--material  forminator_ajax\"\n\t\t\t\tmethod=\"post\"\n\t\t\t\tdata-forminator-render=\"0\"\n\t\t\t\tdata-form-id=\"376\"\n\t\t\t\t data-color-option=\"default\" data-design=\"material\" data-grid=\"open\" style=\"display: none;\"\n\t\t\t\tdata-uid=\"69d5cedc8c1f3\"\n\t\t\t><div role=\"alert\" aria-live=\"polite\" class=\"forminator-response-message forminator-error\" aria-hidden=\"true\"><\/div><div class=\"forminator-row\"><div id=\"name-1\" class=\"forminator-field-name forminator-col forminator-col-6 \"><div class=\"forminator-field\"><label for=\"forminator-field-name-1_69d5cedc8c1f3\" id=\"forminator-field-name-1_69d5cedc8c1f3-label\" class=\"forminator-label\">Nom <span class=\"forminator-required\">*<\/span><\/label><input type=\"text\" name=\"name-1\" value=\"\" placeholder=\"\" id=\"forminator-field-name-1_69d5cedc8c1f3\" class=\"forminator-input forminator-name--field\" aria-required=\"true\" autocomplete=\"name\" \/><\/div><\/div><div id=\"name-2\" class=\"forminator-field-name forminator-col forminator-col-6 \"><div class=\"forminator-field\"><label for=\"forminator-field-name-2_69d5cedc8c1f3\" id=\"forminator-field-name-2_69d5cedc8c1f3-label\" class=\"forminator-label\">Pr\u00e9nom <span class=\"forminator-required\">*<\/span><\/label><input type=\"text\" name=\"name-2\" value=\"\" placeholder=\"\" id=\"forminator-field-name-2_69d5cedc8c1f3\" class=\"forminator-input forminator-name--field\" aria-required=\"true\" autocomplete=\"name\" \/><\/div><\/div><\/div><div class=\"forminator-row\"><div id=\"email-1\" class=\"forminator-field-email forminator-col forminator-col-12 \"><div class=\"forminator-field\"><label for=\"forminator-field-email-1_69d5cedc8c1f3\" id=\"forminator-field-email-1_69d5cedc8c1f3-label\" class=\"forminator-label\">E-mail <span class=\"forminator-required\">*<\/span><\/label><input type=\"email\" name=\"email-1\" value=\"\" placeholder=\"\" id=\"forminator-field-email-1_69d5cedc8c1f3\" class=\"forminator-input forminator-email--field\" data-required=\"true\" aria-required=\"true\" autocomplete=\"email\" \/><\/div><\/div><\/div><div class=\"forminator-row\"><div id=\"phone-1\" class=\"forminator-field-phone forminator-col forminator-col-12 \"><div class=\"forminator-field\"><label for=\"forminator-field-phone-1_69d5cedc8c1f3\" id=\"forminator-field-phone-1_69d5cedc8c1f3-label\" class=\"forminator-label\">Num\u00e9ro de t\u00e9l\u00e9phone <span class=\"forminator-required\">*<\/span><\/label><input type=\"text\" name=\"phone-1\" value=\"\" placeholder=\"Par exemple\u00a0: +1 02 03 04 05\" id=\"forminator-field-phone-1_69d5cedc8c1f3\" class=\"forminator-input forminator-field--phone\" data-required=\"1\" aria-required=\"true\" autocomplete=\"off\" data-validation=\"1\" \/><\/div><\/div><\/div><div class=\"forminator-row\"><div id=\"checkbox-1\" class=\"forminator-field-checkbox forminator-col forminator-col-12 \"><div role=\"group\" class=\"forminator-field\" aria-labelledby=\"forminator-checkbox-group-forminator-field-checkbox-1-69d5cedc8c1f3-label\"><span id=\"forminator-checkbox-group-forminator-field-checkbox-1-69d5cedc8c1f3-label\" class=\"forminator-label\">Services<\/span><label id=\"forminator-field-checkbox-1-1-69d5cedc8c1f3-label\" for=\"forminator-field-checkbox-1-1-69d5cedc8c1f3\" class=\"forminator-checkbox\" title=\"Peinture\"><input type=\"checkbox\" name=\"checkbox-1[]\" value=\"service-1\" id=\"forminator-field-checkbox-1-1-69d5cedc8c1f3\" aria-labelledby=\"forminator-field-checkbox-1-1-69d5cedc8c1f3-label\" data-calculation=\"0\"  \/><span class=\"forminator-checkbox-box\" aria-hidden=\"true\"><\/span><span class=\"forminator-checkbox-label\">Peinture<\/span><\/label><label id=\"forminator-field-checkbox-1-2-69d5cedc8c1f3-label\" for=\"forminator-field-checkbox-1-2-69d5cedc8c1f3\" class=\"forminator-checkbox\" title=\"Carrelage\"><input type=\"checkbox\" name=\"checkbox-1[]\" value=\"service-2\" id=\"forminator-field-checkbox-1-2-69d5cedc8c1f3\" aria-labelledby=\"forminator-field-checkbox-1-2-69d5cedc8c1f3-label\" data-calculation=\"0\"  \/><span class=\"forminator-checkbox-box\" aria-hidden=\"true\"><\/span><span class=\"forminator-checkbox-label\">Carrelage<\/span><\/label><label id=\"forminator-field-checkbox-1-3-69d5cedc8c1f3-label\" for=\"forminator-field-checkbox-1-3-69d5cedc8c1f3\" class=\"forminator-checkbox\" title=\"Parquet\"><input type=\"checkbox\" name=\"checkbox-1[]\" value=\"Parquet\" id=\"forminator-field-checkbox-1-3-69d5cedc8c1f3\" aria-labelledby=\"forminator-field-checkbox-1-3-69d5cedc8c1f3-label\" data-calculation=\"0\"  \/><span class=\"forminator-checkbox-box\" aria-hidden=\"true\"><\/span><span class=\"forminator-checkbox-label\">Parquet<\/span><\/label><label id=\"forminator-field-checkbox-1-4-69d5cedc8c1f3-label\" for=\"forminator-field-checkbox-1-4-69d5cedc8c1f3\" class=\"forminator-checkbox\" title=\"Plomberie\"><input type=\"checkbox\" name=\"checkbox-1[]\" value=\"Plomberie\" id=\"forminator-field-checkbox-1-4-69d5cedc8c1f3\" aria-labelledby=\"forminator-field-checkbox-1-4-69d5cedc8c1f3-label\" data-calculation=\"0\"  \/><span class=\"forminator-checkbox-box\" aria-hidden=\"true\"><\/span><span class=\"forminator-checkbox-label\">Plomberie<\/span><\/label><label id=\"forminator-field-checkbox-1-5-69d5cedc8c1f3-label\" for=\"forminator-field-checkbox-1-5-69d5cedc8c1f3\" class=\"forminator-checkbox\" title=\"\u00c9lectricit\u00e9\"><input type=\"checkbox\" name=\"checkbox-1[]\" value=\"\u00c9lectricit\u00e9\" id=\"forminator-field-checkbox-1-5-69d5cedc8c1f3\" aria-labelledby=\"forminator-field-checkbox-1-5-69d5cedc8c1f3-label\" data-calculation=\"0\"  \/><span class=\"forminator-checkbox-box\" aria-hidden=\"true\"><\/span><span class=\"forminator-checkbox-label\">\u00c9lectricit\u00e9<\/span><\/label><label id=\"forminator-field-checkbox-1-6-69d5cedc8c1f3-label\" for=\"forminator-field-checkbox-1-6-69d5cedc8c1f3\" class=\"forminator-checkbox\" title=\"Ma\u00e7onnerie\"><input type=\"checkbox\" name=\"checkbox-1[]\" value=\"Ma\u00e7onnerie\" id=\"forminator-field-checkbox-1-6-69d5cedc8c1f3\" aria-labelledby=\"forminator-field-checkbox-1-6-69d5cedc8c1f3-label\" data-calculation=\"0\"  \/><span class=\"forminator-checkbox-box\" aria-hidden=\"true\"><\/span><span class=\"forminator-checkbox-label\">Ma\u00e7onnerie<\/span><\/label><\/div><\/div><\/div><div class=\"forminator-row\"><div id=\"textarea-1\" class=\"forminator-field-textarea forminator-col forminator-col-12 \"><div class=\"forminator-field\"><label for=\"forminator-field-textarea-1_69d5cedc8c1f3\" id=\"forminator-field-textarea-1_69d5cedc8c1f3-label\" class=\"forminator-label\">Notes compl\u00e9mentaires<\/label><textarea name=\"textarea-1\" placeholder=\"\" id=\"forminator-field-textarea-1_69d5cedc8c1f3\" class=\"forminator-textarea\" rows=\"6\" style=\"min-height:140px;\" maxlength=\"180\" ><\/textarea><span id=\"forminator-field-textarea-1_69d5cedc8c1f3-description\" class=\"forminator-description\"><span data-limit=\"180\" data-type=\"characters\" data-editor=\"\">0 \/ 180<\/span><\/span><\/div><\/div><\/div><input type=\"hidden\" name=\"referer_url\" value=\"\" \/><div class=\"forminator-row forminator-row-last\"><div class=\"forminator-col\"><div class=\"forminator-field\"><button class=\"forminator-button forminator-button-submit\"><span>Demander un devis<\/span><span aria-hidden=\"true\"><\/span><\/button><\/div><\/div><\/div><input type=\"hidden\" id=\"forminator_nonce\" name=\"forminator_nonce\" value=\"75bb54bd82\" \/><input type=\"hidden\" name=\"_wp_http_referer\" value=\"\/index.php\/wp-json\/wp\/v2\/pages\/290\" \/><input type=\"hidden\" name=\"form_id\" value=\"376\"><input type=\"hidden\" name=\"page_id\" value=\"290\"><input type=\"hidden\" name=\"form_type\" value=\"default\"><input type=\"hidden\" name=\"current_url\" value=\"https:\/\/peintreiuliandanieldin.fr\/index.php\/devis-gratuit\/\"><input type=\"hidden\" name=\"render_id\" value=\"0\"><input type=\"hidden\" name=\"action\" value=\"forminator_submit_form_custom-forms\"><\/form><\/div>\n\t\t\t\t\t\t<\/div>\n\t\t\t\t<\/div>\n\t\t\t\t\t<\/div>\n\t\t\t\t<\/div>\n\t\t\t\t<\/div>\n\t\t","protected":false},"excerpt":{"rendered":"<p>Devis Gratuit<\/p>\n","protected":false},"author":1,"featured_media":0,"parent":0,"menu_order":0,"comment_status":"closed","ping_status":"closed","template":"elementor_header_footer","meta":{"footnotes":""},"class_list":["post-290","page","type-page","status-publish","hentry"],"yoast_head":"<!-- This site is optimized with the Yoast SEO plugin v25.6 - https:\/\/yoast.com\/wordpress\/plugins\/seo\/ -->\n<title>Devis Gratuit<\/title>\n<meta name=\"description\" content=\"Choisissez la transparence, la r\u00e9activit\u00e9 et la fiabilit\u00e9. Obtenez votre devis gratuit en 24 heures, votre projet m\u00e9rite une planification...\" \/>\n<meta name=\"robots\" content=\"index, follow, max-snippet:-1, max-image-preview:large, max-video-preview:-1\" \/>\n<link rel=\"canonical\" href=\"https:\/\/peintreiuliandanieldin.fr\/devis-gratuit\/\" \/>\n<meta property=\"og:locale\" content=\"en_US\" \/>\n<meta property=\"og:type\" content=\"article\" \/>\n<meta property=\"og:title\" content=\"Devis Gratuit\" \/>\n<meta property=\"og:description\" content=\"Choisissez la transparence, la r\u00e9activit\u00e9 et la fiabilit\u00e9. Obtenez votre devis gratuit en 24 heures, votre projet m\u00e9rite une planification...\" \/>\n<meta property=\"og:url\" content=\"https:\/\/peintreiuliandanieldin.fr\/devis-gratuit\/\" \/>\n<meta property=\"og:site_name\" content=\"peintreiuliandanieldin.fr\" \/>\n<meta property=\"article:modified_time\" content=\"2024-06-06T21:54:34+00:00\" \/>\n<meta name=\"twitter:card\" content=\"summary_large_image\" \/>\n<meta name=\"twitter:label1\" content=\"Est. reading time\" \/>\n\t<meta name=\"twitter:data1\" content=\"1 minute\" \/>\n<script type=\"application\/ld+json\" class=\"yoast-schema-graph\">{\"@context\":\"https:\/\/schema.org\",\"@graph\":[{\"@type\":\"WebPage\",\"@id\":\"https:\/\/peintreiuliandanieldin.fr\/index.php\/devis-gratuit\/\",\"url\":\"https:\/\/peintreiuliandanieldin.fr\/devis-gratuit\/\",\"name\":\"Devis Gratuit\",\"isPartOf\":{\"@id\":\"https:\/\/peintreiuliandanieldin.fr\/#website\"},\"datePublished\":\"2024-01-16T05:52:29+00:00\",\"dateModified\":\"2024-06-06T21:54:34+00:00\",\"description\":\"Choisissez la transparence, la r\u00e9activit\u00e9 et la fiabilit\u00e9. Obtenez votre devis gratuit en 24 heures, votre projet m\u00e9rite une planification...\",\"breadcrumb\":{\"@id\":\"https:\/\/peintreiuliandanieldin.fr\/devis-gratuit\/#breadcrumb\"},\"inLanguage\":\"en-US\",\"potentialAction\":[{\"@type\":\"ReadAction\",\"target\":[\"https:\/\/peintreiuliandanieldin.fr\/devis-gratuit\/\"]}]},{\"@type\":\"BreadcrumbList\",\"@id\":\"https:\/\/peintreiuliandanieldin.fr\/devis-gratuit\/#breadcrumb\",\"itemListElement\":[{\"@type\":\"ListItem\",\"position\":1,\"name\":\"Home\",\"item\":\"https:\/\/peintreiuliandanieldin.fr\/\"},{\"@type\":\"ListItem\",\"position\":2,\"name\":\"Devis Gratuit\"}]},{\"@type\":\"WebSite\",\"@id\":\"https:\/\/peintreiuliandanieldin.fr\/#website\",\"url\":\"https:\/\/peintreiuliandanieldin.fr\/\",\"name\":\"peintreiuliandanieldin.fr\",\"description\":\"\",\"potentialAction\":[{\"@type\":\"SearchAction\",\"target\":{\"@type\":\"EntryPoint\",\"urlTemplate\":\"https:\/\/peintreiuliandanieldin.fr\/?s={search_term_string}\"},\"query-input\":{\"@type\":\"PropertyValueSpecification\",\"valueRequired\":true,\"valueName\":\"search_term_string\"}}],\"inLanguage\":\"en-US\"}]}<\/script>\n<!-- \/ Yoast SEO plugin. -->","yoast_head_json":{"title":"Devis Gratuit","description":"Choisissez la transparence, la r\u00e9activit\u00e9 et la fiabilit\u00e9. Obtenez votre devis gratuit en 24 heures, votre projet m\u00e9rite une planification...","robots":{"index":"index","follow":"follow","max-snippet":"max-snippet:-1","max-image-preview":"max-image-preview:large","max-video-preview":"max-video-preview:-1"},"canonical":"https:\/\/peintreiuliandanieldin.fr\/devis-gratuit\/","og_locale":"en_US","og_type":"article","og_title":"Devis Gratuit","og_description":"Choisissez la transparence, la r\u00e9activit\u00e9 et la fiabilit\u00e9. Obtenez votre devis gratuit en 24 heures, votre projet m\u00e9rite une planification...","og_url":"https:\/\/peintreiuliandanieldin.fr\/devis-gratuit\/","og_site_name":"peintreiuliandanieldin.fr","article_modified_time":"2024-06-06T21:54:34+00:00","twitter_card":"summary_large_image","twitter_misc":{"Est. reading time":"1 minute"},"schema":{"@context":"https:\/\/schema.org","@graph":[{"@type":"WebPage","@id":"https:\/\/peintreiuliandanieldin.fr\/index.php\/devis-gratuit\/","url":"https:\/\/peintreiuliandanieldin.fr\/devis-gratuit\/","name":"Devis Gratuit","isPartOf":{"@id":"https:\/\/peintreiuliandanieldin.fr\/#website"},"datePublished":"2024-01-16T05:52:29+00:00","dateModified":"2024-06-06T21:54:34+00:00","description":"Choisissez la transparence, la r\u00e9activit\u00e9 et la fiabilit\u00e9. Obtenez votre devis gratuit en 24 heures, votre projet m\u00e9rite une planification...","breadcrumb":{"@id":"https:\/\/peintreiuliandanieldin.fr\/devis-gratuit\/#breadcrumb"},"inLanguage":"en-US","potentialAction":[{"@type":"ReadAction","target":["https:\/\/peintreiuliandanieldin.fr\/devis-gratuit\/"]}]},{"@type":"BreadcrumbList","@id":"https:\/\/peintreiuliandanieldin.fr\/devis-gratuit\/#breadcrumb","itemListElement":[{"@type":"ListItem","position":1,"name":"Home","item":"https:\/\/peintreiuliandanieldin.fr\/"},{"@type":"ListItem","position":2,"name":"Devis Gratuit"}]},{"@type":"WebSite","@id":"https:\/\/peintreiuliandanieldin.fr\/#website","url":"https:\/\/peintreiuliandanieldin.fr\/","name":"peintreiuliandanieldin.fr","description":"","potentialAction":[{"@type":"SearchAction","target":{"@type":"EntryPoint","urlTemplate":"https:\/\/peintreiuliandanieldin.fr\/?s={search_term_string}"},"query-input":{"@type":"PropertyValueSpecification","valueRequired":true,"valueName":"search_term_string"}}],"inLanguage":"en-US"}]}},"_links":{"self":[{"href":"https:\/\/peintreiuliandanieldin.fr\/index.php\/wp-json\/wp\/v2\/pages\/290"}],"collection":[{"href":"https:\/\/peintreiuliandanieldin.fr\/index.php\/wp-json\/wp\/v2\/pages"}],"about":[{"href":"https:\/\/peintreiuliandanieldin.fr\/index.php\/wp-json\/wp\/v2\/types\/page"}],"author":[{"embeddable":true,"href":"https:\/\/peintreiuliandanieldin.fr\/index.php\/wp-json\/wp\/v2\/users\/1"}],"replies":[{"embeddable":true,"href":"https:\/\/peintreiuliandanieldin.fr\/index.php\/wp-json\/wp\/v2\/comments?post=290"}],"version-history":[{"count":5,"href":"https:\/\/peintreiuliandanieldin.fr\/index.php\/wp-json\/wp\/v2\/pages\/290\/revisions"}],"predecessor-version":[{"id":390,"href":"https:\/\/peintreiuliandanieldin.fr\/index.php\/wp-json\/wp\/v2\/pages\/290\/revisions\/390"}],"wp:attachment":[{"href":"https:\/\/peintreiuliandanieldin.fr\/index.php\/wp-json\/wp\/v2\/media?parent=290"}],"curies":[{"name":"wp","href":"https:\/\/api.w.org\/{rel}","templated":true}]}}