{"id":294,"date":"2024-01-14T22:28:28","date_gmt":"2024-01-14T21:28:28","guid":{"rendered":"https:\/\/peintreiuliandanieldin.fr\/?page_id=294"},"modified":"2024-06-06T23:26:46","modified_gmt":"2024-06-06T21:26:46","slug":"qui-sommes-nous","status":"publish","type":"page","link":"https:\/\/peintreiuliandanieldin.fr\/index.php\/qui-sommes-nous\/","title":{"rendered":"Qui sommes-nous ?"},"content":{"rendered":"\t\t<div data-elementor-type=\"wp-page\" data-elementor-id=\"294\" class=\"elementor elementor-294\">\n\t\t\t\t\t\t<section class=\"elementor-section elementor-top-section elementor-element elementor-element-1bd9a3a6 elementor-section-boxed elementor-section-height-default elementor-section-height-default\" data-id=\"1bd9a3a6\" data-element_type=\"section\" data-e-type=\"section\" data-settings=\"{&quot;background_background&quot;:&quot;classic&quot;}\">\n\t\t\t\t\t\t<div class=\"elementor-container elementor-column-gap-default\">\n\t\t\t\t\t<div class=\"elementor-column elementor-col-100 elementor-top-column elementor-element elementor-element-3795b27f\" data-id=\"3795b27f\" data-element_type=\"column\" data-e-type=\"column\">\n\t\t\t<div class=\"elementor-widget-wrap elementor-element-populated\">\n\t\t\t\t\t\t<section class=\"elementor-section elementor-inner-section elementor-element elementor-element-1c574619 elementor-section-boxed elementor-section-height-default elementor-section-height-default\" data-id=\"1c574619\" data-element_type=\"section\" data-e-type=\"section\">\n\t\t\t\t\t\t<div class=\"elementor-container elementor-column-gap-default\">\n\t\t\t\t\t<div class=\"elementor-column elementor-col-50 elementor-inner-column elementor-element elementor-element-78952d6e\" data-id=\"78952d6e\" data-element_type=\"column\" data-e-type=\"column\">\n\t\t\t<div class=\"elementor-widget-wrap elementor-element-populated\">\n\t\t\t\t\t\t<div class=\"elementor-element elementor-element-7a40e972 elementor-widget-tablet__width-initial elementor-widget-mobile__width-initial elementor-widget elementor-widget-elementskit-heading\" data-id=\"7a40e972\" data-element_type=\"widget\" data-e-type=\"widget\" data-widget_type=\"elementskit-heading.default\">\n\t\t\t\t<div class=\"elementor-widget-container\">\n\t\t\t\t\t<div class=\"ekit-wid-con\" ><div class=\"ekit-heading elementskit-section-title-wraper text_left   ekit_heading_tablet-text_center   ekit_heading_mobile-\"><h3 class=\"elementskit-section-subtitle  \">\n\t\t\t\t\t\tBienvenue chez nous\n\t\t\t\t\t<\/h3><h2 class=\"ekit-heading--title elementskit-section-title \">Qui sommes-nous ? <\/h2>\t\t\t\t<div class='ekit-heading__description'>\n\t\t\t\t\t<div class=\"w-full text-token-text-primary\">\n<div class=\"px-4 py-2 justify-center text-base md:gap-6 m-auto\">\n<div class=\"flex flex-1 text-base mx-auto gap-3 md:px-5 lg:px-1 xl:px-5 md:max-w-3xl lg:max-w-[40rem] xl:max-w-[48rem] group\">\n<div class=\"relative flex w-full flex-col lg:w-[calc(100%-115px)] agent-turn\">\n<div class=\"flex-col gap-1 md:gap-3\">\n<div class=\"flex flex-grow flex-col max-w-full\">\n<div class=\"min-h-[20px] text-message flex flex-col items-start gap-3 whitespace-pre-wrap break-words [.text-message+&amp;]:mt-5 overflow-x-auto\">\n<div class=\"markdown prose w-full break-words dark:prose-invert light\">\n<p>Au-del\u00e0 de nos comp\u00e9tences techniques, nous sommes avant tout des partenaires engag\u00e9s dans la concr\u00e9tisation de vos r\u00eaves architecturaux. Notre approche personnelle et notre \u00e9coute attentive vous assurent une collaboration harmonieuse du d\u00e9but \u00e0 la fin de votre projet. Choisissez-nous pour une \u00e9quipe qui allie passion, professionnalisme et d\u00e9vouement pour transformer votre espace de vie en un lieu qui vous ressemble.<\/p>\n<\/div>\n<\/div>\n<\/div>\n<\/div>\n<\/div>\n<\/div>\n<\/div>\n<\/div>\n\t\t\t\t<\/div>\n\t\t\t<\/div><\/div>\t\t\t\t<\/div>\n\t\t\t\t<\/div>\n\t\t\t\t<div class=\"elementor-element elementor-element-2d34fcaa elementor-widget-tablet__width-initial elementor-widget-mobile__width-initial ekit-equal-height-disable elementor-widget elementor-widget-elementskit-icon-box\" data-id=\"2d34fcaa\" data-element_type=\"widget\" data-e-type=\"widget\" data-widget_type=\"elementskit-icon-box.default\">\n\t\t\t\t<div class=\"elementor-widget-container\">\n\t\t\t\t\t<div class=\"ekit-wid-con\" >        <!-- link opening -->\n                <a href=\"#\" class=\"ekit_global_links\">\n                <!-- end link opening -->\n\n        <div class=\"elementskit-infobox text- text-left icon-lef-right-aligin elementor-animation- media  \">\n                            <div class=\"elementskit-box-header\">\n                <div class=\"elementskit-info-box-icon text-center\">\n                    <img decoding=\"async\" width=\"45\" height=\"45\" src=\"https:\/\/peintreiuliandanieldin.fr\/wp-content\/uploads\/2024\/06\/mission-icon.png\" class=\"attachment- size-\" alt=\"\" \/>                <\/div>\n          <\/div>\n                <div class=\"box-body\">\n                            <h3 class=\"elementskit-info-box-title\">\n                    Notre Mission                <\/h3>\n                        \t\t  \t<p>\u00c0 travers un artisanat exceptionnel et un service d\u00e9vou\u00e9, nous nous engageons \u00e0 concr\u00e9tiser vos r\u00eaves architecturaux avec passion et pr\u00e9cision.<\/p>\n                                <\/div>\n        \n        \n                <\/div>\n                <\/a>\n        <\/div>\t\t\t\t<\/div>\n\t\t\t\t<\/div>\n\t\t\t\t\t<\/div>\n\t\t<\/div>\n\t\t\t\t<div class=\"elementor-column elementor-col-50 elementor-inner-column elementor-element elementor-element-1bbf9092\" data-id=\"1bbf9092\" data-element_type=\"column\" data-e-type=\"column\">\n\t\t\t<div class=\"elementor-widget-wrap elementor-element-populated\">\n\t\t\t\t\t\t<div class=\"elementor-element elementor-element-6a5fb273 elementor-absolute elementor-hidden-tablet elementor-hidden-phone elementor-widget elementor-widget-image\" data-id=\"6a5fb273\" data-element_type=\"widget\" data-e-type=\"widget\" data-settings=\"{&quot;_position&quot;:&quot;absolute&quot;}\" data-widget_type=\"image.default\">\n\t\t\t\t<div class=\"elementor-widget-container\">\n\t\t\t\t\t\t\t\t\t\t\t\t\t\t\t<img fetchpriority=\"high\" decoding=\"async\" width=\"2560\" height=\"1630\" src=\"https:\/\/peintreiuliandanieldin.fr\/wp-content\/uploads\/2024\/06\/WhatsApp-Image-2023-12-04-at-22.56-1-1-scaled-2.jpg\" class=\"attachment-full size-full wp-image-314\" alt=\"\" srcset=\"https:\/\/peintreiuliandanieldin.fr\/wp-content\/uploads\/2024\/06\/WhatsApp-Image-2023-12-04-at-22.56-1-1-scaled-2.jpg 2560w, https:\/\/peintreiuliandanieldin.fr\/wp-content\/uploads\/2024\/06\/WhatsApp-Image-2023-12-04-at-22.56-1-1-scaled-2-300x191.jpg 300w, https:\/\/peintreiuliandanieldin.fr\/wp-content\/uploads\/2024\/06\/WhatsApp-Image-2023-12-04-at-22.56-1-1-scaled-2-1024x652.jpg 1024w, https:\/\/peintreiuliandanieldin.fr\/wp-content\/uploads\/2024\/06\/WhatsApp-Image-2023-12-04-at-22.56-1-1-scaled-2-768x489.jpg 768w, https:\/\/peintreiuliandanieldin.fr\/wp-content\/uploads\/2024\/06\/WhatsApp-Image-2023-12-04-at-22.56-1-1-scaled-2-1536x978.jpg 1536w, https:\/\/peintreiuliandanieldin.fr\/wp-content\/uploads\/2024\/06\/WhatsApp-Image-2023-12-04-at-22.56-1-1-scaled-2-2048x1304.jpg 2048w\" sizes=\"(max-width: 2560px) 100vw, 2560px\" \/>\t\t\t\t\t\t\t\t\t\t\t\t\t\t\t<\/div>\n\t\t\t\t<\/div>\n\t\t\t\t<div class=\"elementor-element elementor-element-aacaf5e elementor-absolute elementor-hidden-tablet elementor-hidden-phone elementor-widget__width-initial elementor-widget elementor-widget-image\" data-id=\"aacaf5e\" data-element_type=\"widget\" data-e-type=\"widget\" data-settings=\"{&quot;_position&quot;:&quot;absolute&quot;}\" data-widget_type=\"image.default\">\n\t\t\t\t<div class=\"elementor-widget-container\">\n\t\t\t\t\t\t\t\t\t\t\t\t\t\t\t<img decoding=\"async\" width=\"1500\" height=\"1125\" src=\"https:\/\/peintreiuliandanieldin.fr\/wp-content\/uploads\/2024\/06\/IMG-20240114-WA0206.jpg\" class=\"attachment-full size-full wp-image-146\" alt=\"\" srcset=\"https:\/\/peintreiuliandanieldin.fr\/wp-content\/uploads\/2024\/06\/IMG-20240114-WA0206.jpg 1500w, https:\/\/peintreiuliandanieldin.fr\/wp-content\/uploads\/2024\/06\/IMG-20240114-WA0206-300x225.jpg 300w, https:\/\/peintreiuliandanieldin.fr\/wp-content\/uploads\/2024\/06\/IMG-20240114-WA0206-1024x768.jpg 1024w, https:\/\/peintreiuliandanieldin.fr\/wp-content\/uploads\/2024\/06\/IMG-20240114-WA0206-768x576.jpg 768w\" sizes=\"(max-width: 1500px) 100vw, 1500px\" \/>\t\t\t\t\t\t\t\t\t\t\t\t\t\t\t<\/div>\n\t\t\t\t<\/div>\n\t\t\t\t<div class=\"elementor-element elementor-element-a4f3361 elementor-absolute elementor-hidden-tablet elementor-hidden-phone elementor-widget__width-initial elementor-widget elementor-widget-image\" data-id=\"a4f3361\" data-element_type=\"widget\" data-e-type=\"widget\" data-settings=\"{&quot;_position&quot;:&quot;absolute&quot;}\" data-widget_type=\"image.default\">\n\t\t\t\t<div class=\"elementor-widget-container\">\n\t\t\t\t\t\t\t\t\t\t\t\t\t\t\t<img loading=\"lazy\" decoding=\"async\" width=\"1360\" height=\"1020\" src=\"https:\/\/peintreiuliandanieldin.fr\/wp-content\/uploads\/2024\/06\/2023-06-18-1.jpg\" class=\"attachment-full size-full wp-image-51\" alt=\"\" srcset=\"https:\/\/peintreiuliandanieldin.fr\/wp-content\/uploads\/2024\/06\/2023-06-18-1.jpg 1360w, https:\/\/peintreiuliandanieldin.fr\/wp-content\/uploads\/2024\/06\/2023-06-18-1-300x225.jpg 300w, https:\/\/peintreiuliandanieldin.fr\/wp-content\/uploads\/2024\/06\/2023-06-18-1-1024x768.jpg 1024w, https:\/\/peintreiuliandanieldin.fr\/wp-content\/uploads\/2024\/06\/2023-06-18-1-768x576.jpg 768w\" sizes=\"(max-width: 1360px) 100vw, 1360px\" \/>\t\t\t\t\t\t\t\t\t\t\t\t\t\t\t<\/div>\n\t\t\t\t<\/div>\n\t\t\t\t<div class=\"elementor-element elementor-element-416b1221 elementor-absolute elementor-hidden-tablet elementor-hidden-phone elementor-widget__width-initial elementor-widget elementor-widget-image\" data-id=\"416b1221\" data-element_type=\"widget\" data-e-type=\"widget\" data-settings=\"{&quot;_position&quot;:&quot;absolute&quot;}\" data-widget_type=\"image.default\">\n\t\t\t\t<div class=\"elementor-widget-container\">\n\t\t\t\t\t\t\t\t\t\t\t\t\t\t\t<img loading=\"lazy\" decoding=\"async\" width=\"150\" height=\"150\" src=\"https:\/\/peintreiuliandanieldin.fr\/wp-content\/uploads\/2024\/06\/IMG-20240114-WA0289-150x150.jpg\" class=\"attachment-thumbnail size-thumbnail wp-image-156\" alt=\"\" \/>\t\t\t\t\t\t\t\t\t\t\t\t\t\t\t<\/div>\n\t\t\t\t<\/div>\n\t\t\t\t<div class=\"elementor-element elementor-element-d814a6d elementor-absolute elementor-hidden-tablet elementor-hidden-phone elementor-widget elementor-widget-image\" data-id=\"d814a6d\" data-element_type=\"widget\" data-e-type=\"widget\" data-settings=\"{&quot;_position&quot;:&quot;absolute&quot;}\" data-widget_type=\"image.default\">\n\t\t\t\t<div class=\"elementor-widget-container\">\n\t\t\t\t\t\t\t\t\t\t\t\t\t\t\t<img loading=\"lazy\" decoding=\"async\" width=\"150\" height=\"150\" src=\"https:\/\/peintreiuliandanieldin.fr\/wp-content\/uploads\/2024\/06\/2020-08-11-1-150x150.jpg\" class=\"attachment-thumbnail size-thumbnail wp-image-36\" alt=\"\" \/>\t\t\t\t\t\t\t\t\t\t\t\t\t\t\t<\/div>\n\t\t\t\t<\/div>\n\t\t\t\t\t<\/div>\n\t\t<\/div>\n\t\t\t\t\t<\/div>\n\t\t<\/section>\n\t\t\t\t\t<\/div>\n\t\t<\/div>\n\t\t\t\t\t<\/div>\n\t\t<\/section>\n\t\t\t\t<\/div>\n\t\t","protected":false},"excerpt":{"rendered":"<p>Bienvenue chez nous Qui sommes-nous ? Au-del\u00e0 de nos comp\u00e9tences techniques, nous sommes avant tout des partenaires engag\u00e9s dans la concr\u00e9tisation de vos r\u00eaves architecturaux. Notre approche personnelle et notre \u00e9coute attentive vous assurent une collaboration harmonieuse du d\u00e9but \u00e0 la fin de votre projet. Choisissez-nous pour une \u00e9quipe qui allie passion, professionnalisme et d\u00e9vouement pour transformer votre espace de vie en un lieu qui vous ressemble. Notre Mission \u00c0 travers un artisanat exceptionnel et un service d\u00e9vou\u00e9, nous nous engageons \u00e0 concr\u00e9tiser vos r\u00eaves architecturaux avec passion et pr\u00e9cision.<\/p>\n","protected":false},"author":1,"featured_media":0,"parent":0,"menu_order":0,"comment_status":"closed","ping_status":"closed","template":"elementor_header_footer","meta":{"footnotes":""},"class_list":["post-294","page","type-page","status-publish","hentry"],"yoast_head":"<!-- This site is optimized with the Yoast SEO plugin v25.6 - https:\/\/yoast.com\/wordpress\/plugins\/seo\/ -->\n<title>Qui sommes-nous ? - Iulian Daniel Din<\/title>\n<meta name=\"description\" content=\"Forts d&#039;une expertise approfondie dans les domaines de la plomberie, du carrelage, de l&#039;\u00e9lectricit\u00e9, de la pose et du pon\u00e7age de parquet....\" \/>\n<meta name=\"robots\" content=\"index, follow, max-snippet:-1, max-image-preview:large, max-video-preview:-1\" \/>\n<link rel=\"canonical\" href=\"https:\/\/peintreiuliandanieldin.fr\/qui-sommes-nous\/\" \/>\n<meta property=\"og:locale\" content=\"en_US\" \/>\n<meta property=\"og:type\" content=\"article\" \/>\n<meta property=\"og:title\" content=\"Qui sommes-nous ? - Iulian Daniel Din\" \/>\n<meta property=\"og:description\" content=\"Forts d&#039;une expertise approfondie dans les domaines de la plomberie, du carrelage, de l&#039;\u00e9lectricit\u00e9, de la pose et du pon\u00e7age de parquet....\" \/>\n<meta property=\"og:url\" content=\"https:\/\/peintreiuliandanieldin.fr\/qui-sommes-nous\/\" \/>\n<meta property=\"og:site_name\" content=\"peintreiuliandanieldin.fr\" \/>\n<meta property=\"article:modified_time\" content=\"2024-06-06T21:26:46+00:00\" \/>\n<meta property=\"og:image\" content=\"https:\/\/peintreiuliandanieldin.fr\/wp-content\/uploads\/2024\/06\/mission-icon.png\" \/>\n<meta name=\"twitter:card\" content=\"summary_large_image\" \/>\n<meta name=\"twitter:label1\" content=\"Est. reading time\" \/>\n\t<meta name=\"twitter:data1\" content=\"2 minutes\" \/>\n<script type=\"application\/ld+json\" class=\"yoast-schema-graph\">{\"@context\":\"https:\/\/schema.org\",\"@graph\":[{\"@type\":\"WebPage\",\"@id\":\"https:\/\/peintreiuliandanieldin.fr\/index.php\/qui-sommes-nous\/\",\"url\":\"https:\/\/peintreiuliandanieldin.fr\/qui-sommes-nous\/\",\"name\":\"Qui sommes-nous ? - Iulian Daniel Din\",\"isPartOf\":{\"@id\":\"https:\/\/peintreiuliandanieldin.fr\/#website\"},\"primaryImageOfPage\":{\"@id\":\"https:\/\/peintreiuliandanieldin.fr\/qui-sommes-nous\/#primaryimage\"},\"image\":{\"@id\":\"https:\/\/peintreiuliandanieldin.fr\/qui-sommes-nous\/#primaryimage\"},\"thumbnailUrl\":\"https:\/\/peintreiuliandanieldin.fr\/wp-content\/uploads\/2024\/06\/mission-icon.png\",\"datePublished\":\"2024-01-14T21:28:28+00:00\",\"dateModified\":\"2024-06-06T21:26:46+00:00\",\"description\":\"Forts d'une expertise approfondie dans les domaines de la plomberie, du carrelage, de l'\u00e9lectricit\u00e9, de la pose et du pon\u00e7age de parquet....\",\"breadcrumb\":{\"@id\":\"https:\/\/peintreiuliandanieldin.fr\/qui-sommes-nous\/#breadcrumb\"},\"inLanguage\":\"en-US\",\"potentialAction\":[{\"@type\":\"ReadAction\",\"target\":[\"https:\/\/peintreiuliandanieldin.fr\/qui-sommes-nous\/\"]}]},{\"@type\":\"ImageObject\",\"inLanguage\":\"en-US\",\"@id\":\"https:\/\/peintreiuliandanieldin.fr\/qui-sommes-nous\/#primaryimage\",\"url\":\"https:\/\/peintreiuliandanieldin.fr\/wp-content\/uploads\/2024\/06\/mission-icon.png\",\"contentUrl\":\"https:\/\/peintreiuliandanieldin.fr\/wp-content\/uploads\/2024\/06\/mission-icon.png\",\"width\":45,\"height\":45},{\"@type\":\"BreadcrumbList\",\"@id\":\"https:\/\/peintreiuliandanieldin.fr\/qui-sommes-nous\/#breadcrumb\",\"itemListElement\":[{\"@type\":\"ListItem\",\"position\":1,\"name\":\"Home\",\"item\":\"https:\/\/peintreiuliandanieldin.fr\/\"},{\"@type\":\"ListItem\",\"position\":2,\"name\":\"Qui sommes-nous ?\"}]},{\"@type\":\"WebSite\",\"@id\":\"https:\/\/peintreiuliandanieldin.fr\/#website\",\"url\":\"https:\/\/peintreiuliandanieldin.fr\/\",\"name\":\"peintreiuliandanieldin.fr\",\"description\":\"\",\"potentialAction\":[{\"@type\":\"SearchAction\",\"target\":{\"@type\":\"EntryPoint\",\"urlTemplate\":\"https:\/\/peintreiuliandanieldin.fr\/?s={search_term_string}\"},\"query-input\":{\"@type\":\"PropertyValueSpecification\",\"valueRequired\":true,\"valueName\":\"search_term_string\"}}],\"inLanguage\":\"en-US\"}]}<\/script>\n<!-- \/ Yoast SEO plugin. -->","yoast_head_json":{"title":"Qui sommes-nous ? - Iulian Daniel Din","description":"Forts d'une expertise approfondie dans les domaines de la plomberie, du carrelage, de l'\u00e9lectricit\u00e9, de la pose et du pon\u00e7age de parquet....","robots":{"index":"index","follow":"follow","max-snippet":"max-snippet:-1","max-image-preview":"max-image-preview:large","max-video-preview":"max-video-preview:-1"},"canonical":"https:\/\/peintreiuliandanieldin.fr\/qui-sommes-nous\/","og_locale":"en_US","og_type":"article","og_title":"Qui sommes-nous ? - Iulian Daniel Din","og_description":"Forts d'une expertise approfondie dans les domaines de la plomberie, du carrelage, de l'\u00e9lectricit\u00e9, de la pose et du pon\u00e7age de parquet....","og_url":"https:\/\/peintreiuliandanieldin.fr\/qui-sommes-nous\/","og_site_name":"peintreiuliandanieldin.fr","article_modified_time":"2024-06-06T21:26:46+00:00","og_image":[{"url":"https:\/\/peintreiuliandanieldin.fr\/wp-content\/uploads\/2024\/06\/mission-icon.png","type":"","width":"","height":""}],"twitter_card":"summary_large_image","twitter_misc":{"Est. reading time":"2 minutes"},"schema":{"@context":"https:\/\/schema.org","@graph":[{"@type":"WebPage","@id":"https:\/\/peintreiuliandanieldin.fr\/index.php\/qui-sommes-nous\/","url":"https:\/\/peintreiuliandanieldin.fr\/qui-sommes-nous\/","name":"Qui sommes-nous ? - Iulian Daniel Din","isPartOf":{"@id":"https:\/\/peintreiuliandanieldin.fr\/#website"},"primaryImageOfPage":{"@id":"https:\/\/peintreiuliandanieldin.fr\/qui-sommes-nous\/#primaryimage"},"image":{"@id":"https:\/\/peintreiuliandanieldin.fr\/qui-sommes-nous\/#primaryimage"},"thumbnailUrl":"https:\/\/peintreiuliandanieldin.fr\/wp-content\/uploads\/2024\/06\/mission-icon.png","datePublished":"2024-01-14T21:28:28+00:00","dateModified":"2024-06-06T21:26:46+00:00","description":"Forts d'une expertise approfondie dans les domaines de la plomberie, du carrelage, de l'\u00e9lectricit\u00e9, de la pose et du pon\u00e7age de parquet....","breadcrumb":{"@id":"https:\/\/peintreiuliandanieldin.fr\/qui-sommes-nous\/#breadcrumb"},"inLanguage":"en-US","potentialAction":[{"@type":"ReadAction","target":["https:\/\/peintreiuliandanieldin.fr\/qui-sommes-nous\/"]}]},{"@type":"ImageObject","inLanguage":"en-US","@id":"https:\/\/peintreiuliandanieldin.fr\/qui-sommes-nous\/#primaryimage","url":"https:\/\/peintreiuliandanieldin.fr\/wp-content\/uploads\/2024\/06\/mission-icon.png","contentUrl":"https:\/\/peintreiuliandanieldin.fr\/wp-content\/uploads\/2024\/06\/mission-icon.png","width":45,"height":45},{"@type":"BreadcrumbList","@id":"https:\/\/peintreiuliandanieldin.fr\/qui-sommes-nous\/#breadcrumb","itemListElement":[{"@type":"ListItem","position":1,"name":"Home","item":"https:\/\/peintreiuliandanieldin.fr\/"},{"@type":"ListItem","position":2,"name":"Qui sommes-nous ?"}]},{"@type":"WebSite","@id":"https:\/\/peintreiuliandanieldin.fr\/#website","url":"https:\/\/peintreiuliandanieldin.fr\/","name":"peintreiuliandanieldin.fr","description":"","potentialAction":[{"@type":"SearchAction","target":{"@type":"EntryPoint","urlTemplate":"https:\/\/peintreiuliandanieldin.fr\/?s={search_term_string}"},"query-input":{"@type":"PropertyValueSpecification","valueRequired":true,"valueName":"search_term_string"}}],"inLanguage":"en-US"}]}},"_links":{"self":[{"href":"https:\/\/peintreiuliandanieldin.fr\/index.php\/wp-json\/wp\/v2\/pages\/294"}],"collection":[{"href":"https:\/\/peintreiuliandanieldin.fr\/index.php\/wp-json\/wp\/v2\/pages"}],"about":[{"href":"https:\/\/peintreiuliandanieldin.fr\/index.php\/wp-json\/wp\/v2\/types\/page"}],"author":[{"embeddable":true,"href":"https:\/\/peintreiuliandanieldin.fr\/index.php\/wp-json\/wp\/v2\/users\/1"}],"replies":[{"embeddable":true,"href":"https:\/\/peintreiuliandanieldin.fr\/index.php\/wp-json\/wp\/v2\/comments?post=294"}],"version-history":[{"count":2,"href":"https:\/\/peintreiuliandanieldin.fr\/index.php\/wp-json\/wp\/v2\/pages\/294\/revisions"}],"predecessor-version":[{"id":315,"href":"https:\/\/peintreiuliandanieldin.fr\/index.php\/wp-json\/wp\/v2\/pages\/294\/revisions\/315"}],"wp:attachment":[{"href":"https:\/\/peintreiuliandanieldin.fr\/index.php\/wp-json\/wp\/v2\/media?parent=294"}],"curies":[{"name":"wp","href":"https:\/\/api.w.org\/{rel}","templated":true}]}}