{"id":296,"date":"2024-01-14T22:31:19","date_gmt":"2024-01-14T21:31:19","guid":{"rendered":"https:\/\/peintreiuliandanieldin.fr\/?page_id=296"},"modified":"2024-06-06T23:47:00","modified_gmt":"2024-06-06T21:47:00","slug":"temoignages","status":"publish","type":"page","link":"https:\/\/peintreiuliandanieldin.fr\/index.php\/temoignages\/","title":{"rendered":"T\u00e9moignages"},"content":{"rendered":"\t\t<div data-elementor-type=\"wp-page\" data-elementor-id=\"296\" class=\"elementor elementor-296\">\n\t\t\t\t\t\t<section class=\"elementor-section elementor-top-section elementor-element elementor-element-3d382b70 elementor-section-full_width sec-padding gray-bg pt-5 has-hex has-hex2 elementor-section-height-min-height elementor-section-height-default elementor-section-items-middle\" data-id=\"3d382b70\" data-element_type=\"section\" data-e-type=\"section\">\n\t\t\t\t\t\t<div class=\"elementor-container elementor-column-gap-no\">\n\t\t\t\t\t<div class=\"elementor-column elementor-col-100 elementor-top-column elementor-element elementor-element-661ccbe4\" data-id=\"661ccbe4\" data-element_type=\"column\" data-e-type=\"column\">\n\t\t\t<div class=\"elementor-widget-wrap elementor-element-populated\">\n\t\t\t\t\t\t<div class=\"elementor-element elementor-element-78499b9a mb-5 elementor-widget elementor-widget-section_title\" data-id=\"78499b9a\" data-element_type=\"widget\" data-e-type=\"widget\" data-widget_type=\"section_title.default\">\n\t\t\t\t<div class=\"elementor-widget-container\">\n\t\t\t\t\t        <div class=\"section-title st-center st-st5\">\n        <h4 class=\"sec-subtitle\"><span>Iulian Daniel Din<\/span><\/h4>            <h2 class=\"sec-title\"><span>Nos clients sont satisfaits<\/span><\/h2>                    <\/div>\n        \t\t\t\t<\/div>\n\t\t\t\t<\/div>\n\t\t\t\t\t<\/div>\n\t\t<\/div>\n\t\t\t\t\t<\/div>\n\t\t<\/section>\n\t\t<div class=\"elementor-element elementor-element-9b66fc4 e-con-full elementor-hidden-mobile e-flex e-con e-parent\" data-id=\"9b66fc4\" data-element_type=\"container\" data-e-type=\"container\" data-settings=\"{&quot;background_background&quot;:&quot;classic&quot;}\">\n\t\t\t\t<div class=\"elementor-element elementor-element-f87ec0a elementor-widget elementor-widget-image-carousel\" data-id=\"f87ec0a\" data-element_type=\"widget\" data-e-type=\"widget\" data-settings=\"{&quot;slides_to_show&quot;:&quot;3&quot;,&quot;slides_to_scroll&quot;:&quot;1&quot;,&quot;navigation&quot;:&quot;none&quot;,&quot;lazyload&quot;:&quot;yes&quot;,&quot;autoplay_speed&quot;:0,&quot;speed&quot;:7000,&quot;image_spacing_custom&quot;:{&quot;unit&quot;:&quot;px&quot;,&quot;size&quot;:0,&quot;sizes&quot;:[]},&quot;autoplay&quot;:&quot;yes&quot;,&quot;pause_on_hover&quot;:&quot;yes&quot;,&quot;pause_on_interaction&quot;:&quot;yes&quot;,&quot;infinite&quot;:&quot;yes&quot;,&quot;image_spacing_custom_tablet&quot;:{&quot;unit&quot;:&quot;px&quot;,&quot;size&quot;:&quot;&quot;,&quot;sizes&quot;:[]},&quot;image_spacing_custom_mobile&quot;:{&quot;unit&quot;:&quot;px&quot;,&quot;size&quot;:&quot;&quot;,&quot;sizes&quot;:[]}}\" data-widget_type=\"image-carousel.default\">\n\t\t\t\t<div class=\"elementor-widget-container\">\n\t\t\t\t\t\t\t<div class=\"elementor-image-carousel-wrapper swiper\" role=\"region\" aria-roledescription=\"carousel\" aria-label=\"Image Carousel\" dir=\"ltr\">\n\t\t\t<div class=\"elementor-image-carousel swiper-wrapper\" aria-live=\"off\">\n\t\t\t\t\t\t\t\t<div class=\"swiper-slide\" role=\"group\" aria-roledescription=\"slide\" aria-label=\"1 of 6\"><figure class=\"swiper-slide-inner\"><img class=\"swiper-slide-image swiper-lazy\" data-src=\"https:\/\/peintreiuliandanieldin.fr\/wp-content\/uploads\/2024\/06\/1-3.png\" alt=\"1\" \/><div class=\"swiper-lazy-preloader\"><\/div><\/figure><\/div><div class=\"swiper-slide\" role=\"group\" aria-roledescription=\"slide\" aria-label=\"2 of 6\"><figure class=\"swiper-slide-inner\"><img class=\"swiper-slide-image swiper-lazy\" data-src=\"https:\/\/peintreiuliandanieldin.fr\/wp-content\/uploads\/2024\/06\/2-2.png\" alt=\"2\" \/><div class=\"swiper-lazy-preloader\"><\/div><\/figure><\/div><div class=\"swiper-slide\" role=\"group\" aria-roledescription=\"slide\" aria-label=\"3 of 6\"><figure class=\"swiper-slide-inner\"><img class=\"swiper-slide-image swiper-lazy\" data-src=\"https:\/\/peintreiuliandanieldin.fr\/wp-content\/uploads\/2024\/06\/3-2.png\" alt=\"3\" \/><div class=\"swiper-lazy-preloader\"><\/div><\/figure><\/div><div class=\"swiper-slide\" role=\"group\" aria-roledescription=\"slide\" aria-label=\"4 of 6\"><figure class=\"swiper-slide-inner\"><img class=\"swiper-slide-image swiper-lazy\" data-src=\"https:\/\/peintreiuliandanieldin.fr\/wp-content\/uploads\/2024\/06\/4.png\" alt=\"4\" \/><div class=\"swiper-lazy-preloader\"><\/div><\/figure><\/div><div class=\"swiper-slide\" role=\"group\" aria-roledescription=\"slide\" aria-label=\"5 of 6\"><figure class=\"swiper-slide-inner\"><img class=\"swiper-slide-image swiper-lazy\" data-src=\"https:\/\/peintreiuliandanieldin.fr\/wp-content\/uploads\/2024\/06\/5.png\" alt=\"5\" \/><div class=\"swiper-lazy-preloader\"><\/div><\/figure><\/div><div class=\"swiper-slide\" role=\"group\" aria-roledescription=\"slide\" aria-label=\"6 of 6\"><figure class=\"swiper-slide-inner\"><img class=\"swiper-slide-image swiper-lazy\" data-src=\"https:\/\/peintreiuliandanieldin.fr\/wp-content\/uploads\/2024\/06\/6.png\" alt=\"6\" \/><div class=\"swiper-lazy-preloader\"><\/div><\/figure><\/div>\t\t\t<\/div>\n\t\t\t\t\t\t\t\n\t\t\t\t\t\t\t\t\t<\/div>\n\t\t\t\t\t\t<\/div>\n\t\t\t\t<\/div>\n\t\t\t\t<div class=\"elementor-element elementor-element-45cc81e elementor-widget elementor-widget-image-carousel\" data-id=\"45cc81e\" data-element_type=\"widget\" data-e-type=\"widget\" data-settings=\"{&quot;slides_to_show&quot;:&quot;3&quot;,&quot;slides_to_scroll&quot;:&quot;1&quot;,&quot;navigation&quot;:&quot;none&quot;,&quot;lazyload&quot;:&quot;yes&quot;,&quot;autoplay_speed&quot;:0,&quot;speed&quot;:7000,&quot;image_spacing_custom&quot;:{&quot;unit&quot;:&quot;px&quot;,&quot;size&quot;:0,&quot;sizes&quot;:[]},&quot;autoplay&quot;:&quot;yes&quot;,&quot;pause_on_hover&quot;:&quot;yes&quot;,&quot;pause_on_interaction&quot;:&quot;yes&quot;,&quot;infinite&quot;:&quot;yes&quot;,&quot;image_spacing_custom_tablet&quot;:{&quot;unit&quot;:&quot;px&quot;,&quot;size&quot;:&quot;&quot;,&quot;sizes&quot;:[]},&quot;image_spacing_custom_mobile&quot;:{&quot;unit&quot;:&quot;px&quot;,&quot;size&quot;:&quot;&quot;,&quot;sizes&quot;:[]}}\" data-widget_type=\"image-carousel.default\">\n\t\t\t\t<div class=\"elementor-widget-container\">\n\t\t\t\t\t\t\t<div class=\"elementor-image-carousel-wrapper swiper\" role=\"region\" aria-roledescription=\"carousel\" aria-label=\"Image Carousel\" dir=\"rtl\">\n\t\t\t<div class=\"elementor-image-carousel swiper-wrapper\" aria-live=\"off\">\n\t\t\t\t\t\t\t\t<div class=\"swiper-slide\" role=\"group\" aria-roledescription=\"slide\" aria-label=\"1 of 6\"><figure class=\"swiper-slide-inner\"><img class=\"swiper-slide-image swiper-lazy\" data-src=\"https:\/\/peintreiuliandanieldin.fr\/wp-content\/uploads\/2024\/06\/7-2.png\" alt=\"7\" \/><div class=\"swiper-lazy-preloader\"><\/div><\/figure><\/div><div class=\"swiper-slide\" role=\"group\" aria-roledescription=\"slide\" aria-label=\"2 of 6\"><figure class=\"swiper-slide-inner\"><img class=\"swiper-slide-image swiper-lazy\" data-src=\"https:\/\/peintreiuliandanieldin.fr\/wp-content\/uploads\/2024\/06\/8.png\" alt=\"8\" \/><div class=\"swiper-lazy-preloader\"><\/div><\/figure><\/div><div class=\"swiper-slide\" role=\"group\" aria-roledescription=\"slide\" aria-label=\"3 of 6\"><figure class=\"swiper-slide-inner\"><img class=\"swiper-slide-image swiper-lazy\" data-src=\"https:\/\/peintreiuliandanieldin.fr\/wp-content\/uploads\/2024\/06\/9-3.png\" alt=\"9\" \/><div class=\"swiper-lazy-preloader\"><\/div><\/figure><\/div><div class=\"swiper-slide\" role=\"group\" aria-roledescription=\"slide\" aria-label=\"4 of 6\"><figure class=\"swiper-slide-inner\"><img class=\"swiper-slide-image swiper-lazy\" data-src=\"https:\/\/peintreiuliandanieldin.fr\/wp-content\/uploads\/2024\/06\/10.png\" alt=\"10\" \/><div class=\"swiper-lazy-preloader\"><\/div><\/figure><\/div><div class=\"swiper-slide\" role=\"group\" aria-roledescription=\"slide\" aria-label=\"5 of 6\"><figure class=\"swiper-slide-inner\"><img class=\"swiper-slide-image swiper-lazy\" data-src=\"https:\/\/peintreiuliandanieldin.fr\/wp-content\/uploads\/2024\/06\/11.png\" alt=\"11\" \/><div class=\"swiper-lazy-preloader\"><\/div><\/figure><\/div><div class=\"swiper-slide\" role=\"group\" aria-roledescription=\"slide\" aria-label=\"6 of 6\"><figure class=\"swiper-slide-inner\"><img class=\"swiper-slide-image swiper-lazy\" data-src=\"https:\/\/peintreiuliandanieldin.fr\/wp-content\/uploads\/2024\/06\/12-3.png\" alt=\"12\" \/><div class=\"swiper-lazy-preloader\"><\/div><\/figure><\/div>\t\t\t<\/div>\n\t\t\t\t\t\t\t\n\t\t\t\t\t\t\t\t\t<\/div>\n\t\t\t\t\t\t<\/div>\n\t\t\t\t<\/div>\n\t\t\t\t<\/div>\n\t\t<div class=\"elementor-element elementor-element-179cf45 e-flex e-con-boxed e-con e-parent\" data-id=\"179cf45\" data-element_type=\"container\" data-e-type=\"container\">\n\t\t\t\t\t<div class=\"e-con-inner\">\n\t\t\t\t<div class=\"elementor-element elementor-element-e800685 elementor-align-center elementor-widget elementor-widget-elementskit-button\" data-id=\"e800685\" data-element_type=\"widget\" data-e-type=\"widget\" data-widget_type=\"elementskit-button.default\">\n\t\t\t\t<div class=\"elementor-widget-container\">\n\t\t\t\t\t<div class=\"ekit-wid-con\" >\t\t<div class=\"ekit-btn-wraper\">\n\t\t\t\t\t\t\t<a href=\"https:\/\/maps.app.goo.gl\/79KeAzxaEarWrWFB7\" class=\"elementskit-btn  whitespace--normal\" id=\"\">\n\t\t\t\t\tLAISSER UN AVIS\t\t\t\t<\/a>\n\t\t\t\t\t<\/div>\n        <\/div>\t\t\t\t<\/div>\n\t\t\t\t<\/div>\n\t\t\t\t\t<\/div>\n\t\t\t\t<\/div>\n\t\t\t\t<\/div>\n\t\t","protected":false},"excerpt":{"rendered":"<p>Iulian Daniel Din Nos clients sont satisfaits LAISSER UN AVIS<\/p>\n","protected":false},"author":1,"featured_media":0,"parent":0,"menu_order":0,"comment_status":"closed","ping_status":"closed","template":"elementor_header_footer","meta":{"footnotes":""},"class_list":["post-296","page","type-page","status-publish","hentry"],"yoast_head":"<!-- This site is optimized with the Yoast SEO plugin v25.6 - https:\/\/yoast.com\/wordpress\/plugins\/seo\/ -->\n<title>T\u00e9moignages - Iulian Daniel Din<\/title>\n<meta name=\"description\" content=\"Les t\u00e9moignages de nos clients sont le c\u0153ur de notre succ\u00e8s. Leurs paroles refl\u00e8tent notre engagement envers l&#039;excellence.\" \/>\n<meta name=\"robots\" content=\"index, follow, max-snippet:-1, max-image-preview:large, max-video-preview:-1\" \/>\n<link rel=\"canonical\" href=\"https:\/\/peintreiuliandanieldin.fr\/temoignages\/\" \/>\n<meta property=\"og:locale\" content=\"en_US\" \/>\n<meta property=\"og:type\" content=\"article\" \/>\n<meta property=\"og:title\" content=\"T\u00e9moignages - Iulian Daniel Din\" \/>\n<meta property=\"og:description\" content=\"Les t\u00e9moignages de nos clients sont le c\u0153ur de notre succ\u00e8s. Leurs paroles refl\u00e8tent notre engagement envers l&#039;excellence.\" \/>\n<meta property=\"og:url\" content=\"https:\/\/peintreiuliandanieldin.fr\/temoignages\/\" \/>\n<meta property=\"og:site_name\" content=\"peintreiuliandanieldin.fr\" \/>\n<meta property=\"article:modified_time\" content=\"2024-06-06T21:47:00+00:00\" \/>\n<meta property=\"og:image\" content=\"https:\/\/peintreiuliandanieldin.fr\/wp-content\/uploads\/2024\/06\/1-3.png\" \/>\n<meta name=\"twitter:card\" content=\"summary_large_image\" \/>\n<meta name=\"twitter:label1\" content=\"Est. reading time\" \/>\n\t<meta name=\"twitter:data1\" content=\"5 minutes\" \/>\n<script type=\"application\/ld+json\" class=\"yoast-schema-graph\">{\"@context\":\"https:\/\/schema.org\",\"@graph\":[{\"@type\":\"WebPage\",\"@id\":\"https:\/\/peintreiuliandanieldin.fr\/index.php\/temoignages\/\",\"url\":\"https:\/\/peintreiuliandanieldin.fr\/temoignages\/\",\"name\":\"T\u00e9moignages - Iulian Daniel Din\",\"isPartOf\":{\"@id\":\"https:\/\/peintreiuliandanieldin.fr\/#website\"},\"primaryImageOfPage\":{\"@id\":\"https:\/\/peintreiuliandanieldin.fr\/temoignages\/#primaryimage\"},\"image\":{\"@id\":\"https:\/\/peintreiuliandanieldin.fr\/temoignages\/#primaryimage\"},\"thumbnailUrl\":\"https:\/\/peintreiuliandanieldin.fr\/wp-content\/uploads\/2024\/06\/1-3.png\",\"datePublished\":\"2024-01-14T21:31:19+00:00\",\"dateModified\":\"2024-06-06T21:47:00+00:00\",\"description\":\"Les t\u00e9moignages de nos clients sont le c\u0153ur de notre succ\u00e8s. Leurs paroles refl\u00e8tent notre engagement envers l'excellence.\",\"breadcrumb\":{\"@id\":\"https:\/\/peintreiuliandanieldin.fr\/temoignages\/#breadcrumb\"},\"inLanguage\":\"en-US\",\"potentialAction\":[{\"@type\":\"ReadAction\",\"target\":[\"https:\/\/peintreiuliandanieldin.fr\/temoignages\/\"]}]},{\"@type\":\"ImageObject\",\"inLanguage\":\"en-US\",\"@id\":\"https:\/\/peintreiuliandanieldin.fr\/temoignages\/#primaryimage\",\"url\":\"https:\/\/peintreiuliandanieldin.fr\/wp-content\/uploads\/2024\/06\/1-3.png\",\"contentUrl\":\"https:\/\/peintreiuliandanieldin.fr\/wp-content\/uploads\/2024\/06\/1-3.png\",\"width\":400,\"height\":303},{\"@type\":\"BreadcrumbList\",\"@id\":\"https:\/\/peintreiuliandanieldin.fr\/temoignages\/#breadcrumb\",\"itemListElement\":[{\"@type\":\"ListItem\",\"position\":1,\"name\":\"Home\",\"item\":\"https:\/\/peintreiuliandanieldin.fr\/\"},{\"@type\":\"ListItem\",\"position\":2,\"name\":\"T\u00e9moignages\"}]},{\"@type\":\"WebSite\",\"@id\":\"https:\/\/peintreiuliandanieldin.fr\/#website\",\"url\":\"https:\/\/peintreiuliandanieldin.fr\/\",\"name\":\"peintreiuliandanieldin.fr\",\"description\":\"\",\"potentialAction\":[{\"@type\":\"SearchAction\",\"target\":{\"@type\":\"EntryPoint\",\"urlTemplate\":\"https:\/\/peintreiuliandanieldin.fr\/?s={search_term_string}\"},\"query-input\":{\"@type\":\"PropertyValueSpecification\",\"valueRequired\":true,\"valueName\":\"search_term_string\"}}],\"inLanguage\":\"en-US\"}]}<\/script>\n<!-- \/ Yoast SEO plugin. -->","yoast_head_json":{"title":"T\u00e9moignages - Iulian Daniel Din","description":"Les t\u00e9moignages de nos clients sont le c\u0153ur de notre succ\u00e8s. Leurs paroles refl\u00e8tent notre engagement envers l'excellence.","robots":{"index":"index","follow":"follow","max-snippet":"max-snippet:-1","max-image-preview":"max-image-preview:large","max-video-preview":"max-video-preview:-1"},"canonical":"https:\/\/peintreiuliandanieldin.fr\/temoignages\/","og_locale":"en_US","og_type":"article","og_title":"T\u00e9moignages - Iulian Daniel Din","og_description":"Les t\u00e9moignages de nos clients sont le c\u0153ur de notre succ\u00e8s. Leurs paroles refl\u00e8tent notre engagement envers l'excellence.","og_url":"https:\/\/peintreiuliandanieldin.fr\/temoignages\/","og_site_name":"peintreiuliandanieldin.fr","article_modified_time":"2024-06-06T21:47:00+00:00","og_image":[{"url":"https:\/\/peintreiuliandanieldin.fr\/wp-content\/uploads\/2024\/06\/1-3.png","type":"","width":"","height":""}],"twitter_card":"summary_large_image","twitter_misc":{"Est. reading time":"5 minutes"},"schema":{"@context":"https:\/\/schema.org","@graph":[{"@type":"WebPage","@id":"https:\/\/peintreiuliandanieldin.fr\/index.php\/temoignages\/","url":"https:\/\/peintreiuliandanieldin.fr\/temoignages\/","name":"T\u00e9moignages - Iulian Daniel Din","isPartOf":{"@id":"https:\/\/peintreiuliandanieldin.fr\/#website"},"primaryImageOfPage":{"@id":"https:\/\/peintreiuliandanieldin.fr\/temoignages\/#primaryimage"},"image":{"@id":"https:\/\/peintreiuliandanieldin.fr\/temoignages\/#primaryimage"},"thumbnailUrl":"https:\/\/peintreiuliandanieldin.fr\/wp-content\/uploads\/2024\/06\/1-3.png","datePublished":"2024-01-14T21:31:19+00:00","dateModified":"2024-06-06T21:47:00+00:00","description":"Les t\u00e9moignages de nos clients sont le c\u0153ur de notre succ\u00e8s. Leurs paroles refl\u00e8tent notre engagement envers l'excellence.","breadcrumb":{"@id":"https:\/\/peintreiuliandanieldin.fr\/temoignages\/#breadcrumb"},"inLanguage":"en-US","potentialAction":[{"@type":"ReadAction","target":["https:\/\/peintreiuliandanieldin.fr\/temoignages\/"]}]},{"@type":"ImageObject","inLanguage":"en-US","@id":"https:\/\/peintreiuliandanieldin.fr\/temoignages\/#primaryimage","url":"https:\/\/peintreiuliandanieldin.fr\/wp-content\/uploads\/2024\/06\/1-3.png","contentUrl":"https:\/\/peintreiuliandanieldin.fr\/wp-content\/uploads\/2024\/06\/1-3.png","width":400,"height":303},{"@type":"BreadcrumbList","@id":"https:\/\/peintreiuliandanieldin.fr\/temoignages\/#breadcrumb","itemListElement":[{"@type":"ListItem","position":1,"name":"Home","item":"https:\/\/peintreiuliandanieldin.fr\/"},{"@type":"ListItem","position":2,"name":"T\u00e9moignages"}]},{"@type":"WebSite","@id":"https:\/\/peintreiuliandanieldin.fr\/#website","url":"https:\/\/peintreiuliandanieldin.fr\/","name":"peintreiuliandanieldin.fr","description":"","potentialAction":[{"@type":"SearchAction","target":{"@type":"EntryPoint","urlTemplate":"https:\/\/peintreiuliandanieldin.fr\/?s={search_term_string}"},"query-input":{"@type":"PropertyValueSpecification","valueRequired":true,"valueName":"search_term_string"}}],"inLanguage":"en-US"}]}},"_links":{"self":[{"href":"https:\/\/peintreiuliandanieldin.fr\/index.php\/wp-json\/wp\/v2\/pages\/296"}],"collection":[{"href":"https:\/\/peintreiuliandanieldin.fr\/index.php\/wp-json\/wp\/v2\/pages"}],"about":[{"href":"https:\/\/peintreiuliandanieldin.fr\/index.php\/wp-json\/wp\/v2\/types\/page"}],"author":[{"embeddable":true,"href":"https:\/\/peintreiuliandanieldin.fr\/index.php\/wp-json\/wp\/v2\/users\/1"}],"replies":[{"embeddable":true,"href":"https:\/\/peintreiuliandanieldin.fr\/index.php\/wp-json\/wp\/v2\/comments?post=296"}],"version-history":[{"count":5,"href":"https:\/\/peintreiuliandanieldin.fr\/index.php\/wp-json\/wp\/v2\/pages\/296\/revisions"}],"predecessor-version":[{"id":366,"href":"https:\/\/peintreiuliandanieldin.fr\/index.php\/wp-json\/wp\/v2\/pages\/296\/revisions\/366"}],"wp:attachment":[{"href":"https:\/\/peintreiuliandanieldin.fr\/index.php\/wp-json\/wp\/v2\/media?parent=296"}],"curies":[{"name":"wp","href":"https:\/\/api.w.org\/{rel}","templated":true}]}}